{"id":1721,"date":"2020-06-15T19:08:34","date_gmt":"2020-06-15T19:08:34","guid":{"rendered":"https:\/\/www.ubsails.nl\/?page_id=1721"},"modified":"2020-06-23T12:06:03","modified_gmt":"2020-06-23T12:06:03","slug":"produktinformation-berufsschifffahrt","status":"publish","type":"page","link":"https:\/\/www.ubsails.nl\/de\/produktinformation-berufsschifffahrt\/","title":{"rendered":"Produktinformation berufsschifffahrt"},"content":{"rendered":"\t\t<div data-elementor-type=\"wp-page\" data-elementor-id=\"1721\" class=\"elementor elementor-1721\" data-elementor-post-type=\"page\">\n\t\t\t\t\t\t<section class=\"elementor-section elementor-top-section elementor-element elementor-element-8a2c496 elementor-section-full_width elementor-section-content-middle elementor-section-height-default elementor-section-height-default\" data-id=\"8a2c496\" data-element_type=\"section\" data-e-type=\"section\">\n\t\t\t\t\t\t<div class=\"elementor-container elementor-column-gap-no\">\n\t\t\t\t\t<div class=\"elementor-column elementor-col-50 elementor-top-column elementor-element elementor-element-e2ee8e4\" data-id=\"e2ee8e4\" data-element_type=\"column\" data-e-type=\"column\" data-settings=\"{&quot;background_background&quot;:&quot;classic&quot;}\">\n\t\t\t<div class=\"elementor-widget-wrap\">\n\t\t\t\t\t<div class=\"elementor-background-overlay\"><\/div>\n\t\t\t\t\t\t\t<\/div>\n\t\t<\/div>\n\t\t\t\t<div class=\"elementor-column elementor-col-50 elementor-top-column elementor-element elementor-element-2c9bc81\" data-id=\"2c9bc81\" data-element_type=\"column\" data-e-type=\"column\">\n\t\t\t<div class=\"elementor-widget-wrap elementor-element-populated\">\n\t\t\t\t\t\t<div class=\"elementor-element elementor-element-120ad1c elementor-widget elementor-widget-text-editor\" data-id=\"120ad1c\" data-element_type=\"widget\" data-e-type=\"widget\" data-widget_type=\"text-editor.default\">\n\t\t\t\t<div class=\"elementor-widget-container\">\n\t\t\t\t\t\t\t\t\t<p>Produktinformationen Segel f\u00fcr die Berufsschifffahrt<\/p>\t\t\t\t\t\t\t\t<\/div>\n\t\t\t\t<\/div>\n\t\t\t\t<div class=\"elementor-element elementor-element-b876869 elementor-widget elementor-widget-text-editor\" data-id=\"b876869\" data-element_type=\"widget\" data-e-type=\"widget\" data-widget_type=\"text-editor.default\">\n\t\t\t\t<div class=\"elementor-widget-container\">\n\t\t\t\t\t\t\t\t\t<div class=\"elementor-element elementor-element-dc447e9 elementor-widget elementor-widget-text-editor\" data-id=\"dc447e9\" data-element_type=\"widget\" data-widget_type=\"text-editor.default\">\n<div class=\"elementor-widget-container\">\n<div class=\"elementor-text-editor elementor-clearfix\">\n<p>Segel f\u00fcr die (internationale) Segelberufsschifffahrt zu fertigen, ist ein wichtiger Bestandteil unseres Betriebes. Darin unterscheiden wir uns von vielen unserer Kollegen.<\/p>\n<p><\/p>\u00dcber die Jahre haben wir viele tausende Quadratmeter Segel f\u00fcr eine gro\u00dfe Anzahl verschiedene Schiffe auf der ganzen Welt gefertigt und geliefert.\n<p>Ein paar Beispiele sind der Klipper \u201cStad Amsterdam\u201d, die Bark \u201cEuropa\u201d und die \u201cEendracht\u201d, aber auch Schiffe, wie die \u201cShabab Oman\u201d und die \u201cAlexander von Humboldt II\u201d.<\/p>\n<p>Unter anderem geh\u00f6ren auch die Schoner \u201cEleonora\u201d und \u201cAtlantis\u201d zu unserem Kundenstamm.<\/p>\n<p>Die gebrauchten Segeltuche geh\u00f6ren zu den schwersten Sorten Premium Dacron von Dimension-Polyant und Contender, sowie auch das&nbsp; \u201eOceanus\u201d Tuch.<\/p>\n<\/div>\n<\/div>\n<\/div>\t\t\t\t\t\t\t\t<\/div>\n\t\t\t\t<\/div>\n\t\t\t\t<section class=\"elementor-section elementor-inner-section elementor-element elementor-element-171d813 elementor-section-boxed elementor-section-height-default elementor-section-height-default\" data-id=\"171d813\" data-element_type=\"section\" data-e-type=\"section\">\n\t\t\t\t\t\t<div class=\"elementor-container elementor-column-gap-default\">\n\t\t\t\t\t<div class=\"elementor-column elementor-col-50 elementor-inner-column elementor-element elementor-element-63cc48e\" data-id=\"63cc48e\" data-element_type=\"column\" data-e-type=\"column\">\n\t\t\t<div class=\"elementor-widget-wrap elementor-element-populated\">\n\t\t\t\t\t\t<div class=\"elementor-element elementor-element-e927595 elementor-widget elementor-widget-image\" data-id=\"e927595\" data-element_type=\"widget\" data-e-type=\"widget\" data-widget_type=\"image.default\">\n\t\t\t\t<div class=\"elementor-widget-container\">\n\t\t\t\t\t\t\t\t\t\t\t\t\t\t\t\t<a href=\"https:\/\/www.contendersailcloth.com\/\" target=\"_blank\">\n\t\t\t\t\t\t\t<img fetchpriority=\"high\" decoding=\"async\" width=\"709\" height=\"227\" src=\"https:\/\/www.ubsails.nl\/wp-content\/uploads\/2020\/05\/logo_contendersailcloth.webp\" class=\"attachment-large size-large wp-image-1218\" alt=\"\" srcset=\"https:\/\/www.ubsails.nl\/wp-content\/uploads\/2020\/05\/logo_contendersailcloth.webp 709w, https:\/\/www.ubsails.nl\/wp-content\/uploads\/2020\/05\/logo_contendersailcloth-300x96.webp 300w, https:\/\/www.ubsails.nl\/wp-content\/uploads\/2020\/05\/logo_contendersailcloth-230x74.webp 230w, https:\/\/www.ubsails.nl\/wp-content\/uploads\/2020\/05\/logo_contendersailcloth-350x112.webp 350w, https:\/\/www.ubsails.nl\/wp-content\/uploads\/2020\/05\/logo_contendersailcloth-480x154.webp 480w\" sizes=\"(max-width: 709px) 100vw, 709px\" \/>\t\t\t\t\t\t\t\t<\/a>\n\t\t\t\t\t\t\t\t\t\t\t\t\t\t\t<\/div>\n\t\t\t\t<\/div>\n\t\t\t\t\t<\/div>\n\t\t<\/div>\n\t\t\t\t<div class=\"elementor-column elementor-col-50 elementor-inner-column elementor-element elementor-element-eabe2dd\" data-id=\"eabe2dd\" data-element_type=\"column\" data-e-type=\"column\">\n\t\t\t<div class=\"elementor-widget-wrap elementor-element-populated\">\n\t\t\t\t\t\t<div class=\"elementor-element elementor-element-992d813 elementor-widget elementor-widget-image\" data-id=\"992d813\" data-element_type=\"widget\" data-e-type=\"widget\" data-widget_type=\"image.default\">\n\t\t\t\t<div class=\"elementor-widget-container\">\n\t\t\t\t\t\t\t\t\t\t\t\t\t\t\t\t<a href=\"https:\/\/www.dimension-polyant.com\/\" target=\"_blank\">\n\t\t\t\t\t\t\t<img decoding=\"async\" width=\"709\" height=\"227\" src=\"https:\/\/www.ubsails.nl\/wp-content\/uploads\/2020\/05\/logo_dimensionpolyant.webp\" class=\"attachment-large size-large wp-image-1217\" alt=\"\" srcset=\"https:\/\/www.ubsails.nl\/wp-content\/uploads\/2020\/05\/logo_dimensionpolyant.webp 709w, https:\/\/www.ubsails.nl\/wp-content\/uploads\/2020\/05\/logo_dimensionpolyant-300x96.webp 300w, https:\/\/www.ubsails.nl\/wp-content\/uploads\/2020\/05\/logo_dimensionpolyant-230x74.webp 230w, https:\/\/www.ubsails.nl\/wp-content\/uploads\/2020\/05\/logo_dimensionpolyant-350x112.webp 350w, https:\/\/www.ubsails.nl\/wp-content\/uploads\/2020\/05\/logo_dimensionpolyant-480x154.webp 480w\" sizes=\"(max-width: 709px) 100vw, 709px\" \/>\t\t\t\t\t\t\t\t<\/a>\n\t\t\t\t\t\t\t\t\t\t\t\t\t\t\t<\/div>\n\t\t\t\t<\/div>\n\t\t\t\t\t<\/div>\n\t\t<\/div>\n\t\t\t\t\t<\/div>\n\t\t<\/section>\n\t\t\t\t\t<\/div>\n\t\t<\/div>\n\t\t\t\t\t<\/div>\n\t\t<\/section>\n\t\t\t\t<\/div>\n\t\t","protected":false},"excerpt":{"rendered":"<p>Produktinformationen Segel f\u00fcr die Berufsschifffahrt Segel f\u00fcr die (internationale) Segelberufsschifffahrt zu fertigen, ist ein wichtiger Bestandteil unseres Betriebes. Darin unterscheiden wir uns [&hellip;]<\/p>\n","protected":false},"author":1,"featured_media":0,"parent":0,"menu_order":0,"comment_status":"closed","ping_status":"closed","template":"elementor_header_footer","meta":{"footnotes":""},"class_list":["post-1721","page","type-page","status-publish","hentry"],"_links":{"self":[{"href":"https:\/\/www.ubsails.nl\/de\/wp-json\/wp\/v2\/pages\/1721","targetHints":{"allow":["GET"]}}],"collection":[{"href":"https:\/\/www.ubsails.nl\/de\/wp-json\/wp\/v2\/pages"}],"about":[{"href":"https:\/\/www.ubsails.nl\/de\/wp-json\/wp\/v2\/types\/page"}],"author":[{"embeddable":true,"href":"https:\/\/www.ubsails.nl\/de\/wp-json\/wp\/v2\/users\/1"}],"replies":[{"embeddable":true,"href":"https:\/\/www.ubsails.nl\/de\/wp-json\/wp\/v2\/comments?post=1721"}],"version-history":[{"count":4,"href":"https:\/\/www.ubsails.nl\/de\/wp-json\/wp\/v2\/pages\/1721\/revisions"}],"predecessor-version":[{"id":1775,"href":"https:\/\/www.ubsails.nl\/de\/wp-json\/wp\/v2\/pages\/1721\/revisions\/1775"}],"wp:attachment":[{"href":"https:\/\/www.ubsails.nl\/de\/wp-json\/wp\/v2\/media?parent=1721"}],"curies":[{"name":"wp","href":"https:\/\/api.w.org\/{rel}","templated":true}]}}