{"id":1667,"date":"2020-06-15T18:55:22","date_gmt":"2020-06-15T18:55:22","guid":{"rendered":"https:\/\/www.ubsails.nl\/?page_id=1667"},"modified":"2020-06-28T18:11:30","modified_gmt":"2020-06-28T18:11:30","slug":"segel-berufsschifffahrt","status":"publish","type":"page","link":"https:\/\/www.ubsails.nl\/de\/segel-berufsschifffahrt\/","title":{"rendered":"Segel berufsschifffahrt"},"content":{"rendered":"\t\t<div data-elementor-type=\"wp-page\" data-elementor-id=\"1667\" class=\"elementor elementor-1667\" data-elementor-post-type=\"page\">\n\t\t\t\t\t\t<section class=\"elementor-section elementor-top-section elementor-element elementor-element-a6a3bea elementor-section-full_width elementor-section-content-middle elementor-section-height-default elementor-section-height-default\" data-id=\"a6a3bea\" data-element_type=\"section\" data-e-type=\"section\">\n\t\t\t\t\t\t<div class=\"elementor-container elementor-column-gap-no\">\n\t\t\t\t\t<div class=\"elementor-column elementor-col-50 elementor-top-column elementor-element elementor-element-5ea7d69\" data-id=\"5ea7d69\" data-element_type=\"column\" data-e-type=\"column\" data-settings=\"{&quot;background_background&quot;:&quot;classic&quot;}\">\n\t\t\t<div class=\"elementor-widget-wrap\">\n\t\t\t\t\t<div class=\"elementor-background-overlay\"><\/div>\n\t\t\t\t\t\t\t<\/div>\n\t\t<\/div>\n\t\t\t\t<div class=\"elementor-column elementor-col-50 elementor-top-column elementor-element elementor-element-b08821c\" data-id=\"b08821c\" data-element_type=\"column\" data-e-type=\"column\">\n\t\t\t<div class=\"elementor-widget-wrap elementor-element-populated\">\n\t\t\t\t\t\t<div class=\"elementor-element elementor-element-168e51f elementor-widget elementor-widget-text-editor\" data-id=\"168e51f\" data-element_type=\"widget\" data-e-type=\"widget\" data-widget_type=\"text-editor.default\">\n\t\t\t\t<div class=\"elementor-widget-container\">\n\t\t\t\t\t\t\t\t\t<p><b>Segel f\u00fcr die Berufsschifffahrt <\/b><\/p>\t\t\t\t\t\t\t\t<\/div>\n\t\t\t\t<\/div>\n\t\t\t\t<div class=\"elementor-element elementor-element-1f15a99 elementor-widget elementor-widget-text-editor\" data-id=\"1f15a99\" data-element_type=\"widget\" data-e-type=\"widget\" data-widget_type=\"text-editor.default\">\n\t\t\t\t<div class=\"elementor-widget-container\">\n\t\t\t\t\t\t\t\t\t<div class=\"elementor-element elementor-element-dc447e9 elementor-widget elementor-widget-text-editor\" data-id=\"dc447e9\" data-element_type=\"widget\" data-widget_type=\"text-editor.default\"><div class=\"elementor-widget-container\"><div class=\"elementor-text-editor elementor-clearfix\"><p>Von Beginn an hat sich United Baltic Sails in der Herstellung von Segeln f\u00fcr Traditionssegler, wie Klipper, Tjalken, Schoner und Tall Ships spezialisiert und hier national und international einen guten Ruf aufgebaut.<\/p><p>Seit unserer Gr\u00fcndung produzierten wir zur gro\u00dfen Zufriedenheit von Schiffseignern und Bemannung rund 250.000m2 Segel f\u00fcr Traditionssegler. Und unser Kundenstamm w\u00e4chst noch stets.<\/p><p>Beispiele sind unter anderem der Klipper \u201eStad Amsterdam\u201c, die Schoner \u201cOosterschelde\u201d, \u201cAtlantic\u201d und \u201cEleonora\u201d, der portugiesische Viermaster \u201cSanta Maria Manuela\u201d, die \u201cShabab Oman\u201d, die Bark \u201cEuropa\u201d, die \u201cAlexander von Humboldt II\u201d und viele mehr.<\/p><p>Nehmen Sie gerne unverbindlichen Kontakt mit uns auf, um \u00fcber die M\u00f6glichkeiten zu sprechen.<\/p><\/div><\/div><\/div>\t\t\t\t\t\t\t\t<\/div>\n\t\t\t\t<\/div>\n\t\t\t\t\t<\/div>\n\t\t<\/div>\n\t\t\t\t\t<\/div>\n\t\t<\/section>\n\t\t\t\t<section class=\"elementor-section elementor-top-section elementor-element elementor-element-2f0dabb elementor-section-boxed elementor-section-height-default elementor-section-height-default\" data-id=\"2f0dabb\" data-element_type=\"section\" data-e-type=\"section\">\n\t\t\t\t\t\t<div class=\"elementor-container elementor-column-gap-default\">\n\t\t\t\t\t<div class=\"elementor-column elementor-col-100 elementor-top-column elementor-element elementor-element-f2c1aa5\" data-id=\"f2c1aa5\" data-element_type=\"column\" data-e-type=\"column\">\n\t\t\t<div class=\"elementor-widget-wrap elementor-element-populated\">\n\t\t\t\t\t\t<section class=\"elementor-section elementor-inner-section elementor-element elementor-element-c62fed8 elementor-section-content-middle elementor-section-boxed elementor-section-height-default elementor-section-height-default\" data-id=\"c62fed8\" data-element_type=\"section\" data-e-type=\"section\">\n\t\t\t\t\t\t<div class=\"elementor-container elementor-column-gap-no\">\n\t\t\t\t\t<div class=\"elementor-column elementor-col-33 elementor-inner-column elementor-element elementor-element-0473bc1\" data-id=\"0473bc1\" data-element_type=\"column\" data-e-type=\"column\" data-settings=\"{&quot;background_background&quot;:&quot;classic&quot;}\">\n\t\t\t<div class=\"elementor-widget-wrap elementor-element-populated\">\n\t\t\t\t\t\t<div class=\"elementor-element elementor-element-893e559 elementor-widget elementor-widget-image\" data-id=\"893e559\" data-element_type=\"widget\" data-e-type=\"widget\" data-widget_type=\"image.default\">\n\t\t\t\t<div class=\"elementor-widget-container\">\n\t\t\t\t\t\t\t\t\t\t\t\t\t\t\t<img fetchpriority=\"high\" decoding=\"async\" width=\"1024\" height=\"682\" src=\"https:\/\/www.ubsails.nl\/wp-content\/uploads\/2020\/05\/ubssails_beroepsvaart02-1024x682.webp\" class=\"attachment-large size-large wp-image-1313\" alt=\"\" srcset=\"https:\/\/www.ubsails.nl\/wp-content\/uploads\/2020\/05\/ubssails_beroepsvaart02-1024x682.webp 1024w, https:\/\/www.ubsails.nl\/wp-content\/uploads\/2020\/05\/ubssails_beroepsvaart02-300x200.webp 300w, https:\/\/www.ubsails.nl\/wp-content\/uploads\/2020\/05\/ubssails_beroepsvaart02-768x512.webp 768w, https:\/\/www.ubsails.nl\/wp-content\/uploads\/2020\/05\/ubssails_beroepsvaart02-1536x1024.webp 1536w, https:\/\/www.ubsails.nl\/wp-content\/uploads\/2020\/05\/ubssails_beroepsvaart02-830x553.webp 830w, https:\/\/www.ubsails.nl\/wp-content\/uploads\/2020\/05\/ubssails_beroepsvaart02-230x153.webp 230w, https:\/\/www.ubsails.nl\/wp-content\/uploads\/2020\/05\/ubssails_beroepsvaart02-350x233.webp 350w, https:\/\/www.ubsails.nl\/wp-content\/uploads\/2020\/05\/ubssails_beroepsvaart02-480x320.webp 480w, https:\/\/www.ubsails.nl\/wp-content\/uploads\/2020\/05\/ubssails_beroepsvaart02.webp 1772w\" sizes=\"(max-width: 1024px) 100vw, 1024px\" \/>\t\t\t\t\t\t\t\t\t\t\t\t\t\t\t<\/div>\n\t\t\t\t<\/div>\n\t\t\t\t<div class=\"elementor-element elementor-element-8a5a365 elementor-widget elementor-widget-image-box\" data-id=\"8a5a365\" data-element_type=\"widget\" data-e-type=\"widget\" data-widget_type=\"image-box.default\">\n\t\t\t\t<div class=\"elementor-widget-container\">\n\t\t\t\t\t<div class=\"elementor-image-box-wrapper\"><div class=\"elementor-image-box-content\"><h3 class=\"elementor-image-box-title\">Produkt-informationen<\/h3><p class=\"elementor-image-box-description\"><span style=\"font-size:12.0pt\">Produktinformationen<\/span> segel f\u00fcr die Berufsschifffahrt<\/p><\/div><\/div>\t\t\t\t<\/div>\n\t\t\t\t<\/div>\n\t\t\t\t<div class=\"elementor-element elementor-element-45c42ff elementor-align-center elementor-widget elementor-widget-button\" data-id=\"45c42ff\" data-element_type=\"widget\" data-e-type=\"widget\" data-widget_type=\"button.default\">\n\t\t\t\t<div class=\"elementor-widget-container\">\n\t\t\t\t\t\t\t\t\t<div class=\"elementor-button-wrapper\">\n\t\t\t\t\t<a class=\"elementor-button elementor-button-link elementor-size-sm\" href=\"https:\/\/www.ubsails.nl\/de\/produktinformation-berufsschifffahrt\/\">\n\t\t\t\t\t\t<span class=\"elementor-button-content-wrapper\">\n\t\t\t\t\t\t\t\t\t<span class=\"elementor-button-text\">Weiterlesen<\/span>\n\t\t\t\t\t<\/span>\n\t\t\t\t\t<\/a>\n\t\t\t\t<\/div>\n\t\t\t\t\t\t\t\t<\/div>\n\t\t\t\t<\/div>\n\t\t\t\t\t<\/div>\n\t\t<\/div>\n\t\t\t\t<div class=\"elementor-column elementor-col-33 elementor-inner-column elementor-element elementor-element-ddded22\" data-id=\"ddded22\" data-element_type=\"column\" data-e-type=\"column\" data-settings=\"{&quot;background_background&quot;:&quot;classic&quot;}\">\n\t\t\t<div class=\"elementor-widget-wrap elementor-element-populated\">\n\t\t\t\t\t\t<div class=\"elementor-element elementor-element-104fc9e elementor-widget elementor-widget-image\" data-id=\"104fc9e\" data-element_type=\"widget\" data-e-type=\"widget\" data-widget_type=\"image.default\">\n\t\t\t\t<div class=\"elementor-widget-container\">\n\t\t\t\t\t\t\t\t\t\t\t\t\t\t\t<img decoding=\"async\" src=\"https:\/\/nieuw.ubsails.nl\/wp-content\/uploads\/2020\/05\/ubssails_blokken.jpg\" title=\"\" alt=\"\" loading=\"lazy\" \/>\t\t\t\t\t\t\t\t\t\t\t\t\t\t\t<\/div>\n\t\t\t\t<\/div>\n\t\t\t\t<div class=\"elementor-element elementor-element-446c40e elementor-widget elementor-widget-image-box\" data-id=\"446c40e\" data-element_type=\"widget\" data-e-type=\"widget\" data-widget_type=\"image-box.default\">\n\t\t\t\t<div class=\"elementor-widget-container\">\n\t\t\t\t\t<div class=\"elementor-image-box-wrapper\"><div class=\"elementor-image-box-content\"><h3 class=\"elementor-image-box-title\">Bl\u00f6cke\u200b<\/h3><p class=\"elementor-image-box-description\">Wir liefern diverse hochwertige bl\u00f6cke\u200b.<\/p><\/div><\/div>\t\t\t\t<\/div>\n\t\t\t\t<\/div>\n\t\t\t\t<div class=\"elementor-element elementor-element-3882501 elementor-align-center elementor-widget elementor-widget-button\" data-id=\"3882501\" data-element_type=\"widget\" data-e-type=\"widget\" data-widget_type=\"button.default\">\n\t\t\t\t<div class=\"elementor-widget-container\">\n\t\t\t\t\t\t\t\t\t<div class=\"elementor-button-wrapper\">\n\t\t\t\t\t<a class=\"elementor-button elementor-button-link elementor-size-sm\" href=\"https:\/\/www.ubsails.nl\/de\/blocke\/\">\n\t\t\t\t\t\t<span class=\"elementor-button-content-wrapper\">\n\t\t\t\t\t\t\t\t\t<span class=\"elementor-button-text\">Weiterlesen<\/span>\n\t\t\t\t\t<\/span>\n\t\t\t\t\t<\/a>\n\t\t\t\t<\/div>\n\t\t\t\t\t\t\t\t<\/div>\n\t\t\t\t<\/div>\n\t\t\t\t\t<\/div>\n\t\t<\/div>\n\t\t\t\t<div class=\"elementor-column elementor-col-33 elementor-inner-column elementor-element elementor-element-ec729fc\" data-id=\"ec729fc\" data-element_type=\"column\" data-e-type=\"column\" data-settings=\"{&quot;background_background&quot;:&quot;classic&quot;}\">\n\t\t\t<div class=\"elementor-widget-wrap elementor-element-populated\">\n\t\t\t\t\t\t<div class=\"elementor-element elementor-element-a01c6cf elementor-widget elementor-widget-image\" data-id=\"a01c6cf\" data-element_type=\"widget\" data-e-type=\"widget\" data-widget_type=\"image.default\">\n\t\t\t\t<div class=\"elementor-widget-container\">\n\t\t\t\t\t\t\t\t\t\t\t\t\t\t\t<img decoding=\"async\" width=\"1024\" height=\"682\" src=\"https:\/\/www.ubsails.nl\/wp-content\/uploads\/2020\/05\/portfolio_beroepsvaart01-1024x682.webp\" class=\"attachment-large size-large wp-image-1414\" alt=\"\" srcset=\"https:\/\/www.ubsails.nl\/wp-content\/uploads\/2020\/05\/portfolio_beroepsvaart01-1024x682.webp 1024w, https:\/\/www.ubsails.nl\/wp-content\/uploads\/2020\/05\/portfolio_beroepsvaart01-300x200.webp 300w, https:\/\/www.ubsails.nl\/wp-content\/uploads\/2020\/05\/portfolio_beroepsvaart01-768x512.webp 768w, https:\/\/www.ubsails.nl\/wp-content\/uploads\/2020\/05\/portfolio_beroepsvaart01-1536x1024.webp 1536w, https:\/\/www.ubsails.nl\/wp-content\/uploads\/2020\/05\/portfolio_beroepsvaart01-830x553.webp 830w, https:\/\/www.ubsails.nl\/wp-content\/uploads\/2020\/05\/portfolio_beroepsvaart01-230x153.webp 230w, https:\/\/www.ubsails.nl\/wp-content\/uploads\/2020\/05\/portfolio_beroepsvaart01-350x233.webp 350w, https:\/\/www.ubsails.nl\/wp-content\/uploads\/2020\/05\/portfolio_beroepsvaart01-480x320.webp 480w, https:\/\/www.ubsails.nl\/wp-content\/uploads\/2020\/05\/portfolio_beroepsvaart01.webp 1772w\" sizes=\"(max-width: 1024px) 100vw, 1024px\" \/>\t\t\t\t\t\t\t\t\t\t\t\t\t\t\t<\/div>\n\t\t\t\t<\/div>\n\t\t\t\t<div class=\"elementor-element elementor-element-80e7fe4 elementor-widget elementor-widget-image-box\" data-id=\"80e7fe4\" data-element_type=\"widget\" data-e-type=\"widget\" data-widget_type=\"image-box.default\">\n\t\t\t\t<div class=\"elementor-widget-container\">\n\t\t\t\t\t<div class=\"elementor-image-box-wrapper\"><div class=\"elementor-image-box-content\"><h3 class=\"elementor-image-box-title\">Portfolio<\/h3><p class=\"elementor-image-box-description\">Sehen Sie sich hier unsere Arbeit an, auf die wir sehr stolz sind.<\/p><\/div><\/div>\t\t\t\t<\/div>\n\t\t\t\t<\/div>\n\t\t\t\t<div class=\"elementor-element elementor-element-b5a957b elementor-align-center elementor-widget elementor-widget-button\" data-id=\"b5a957b\" data-element_type=\"widget\" data-e-type=\"widget\" data-widget_type=\"button.default\">\n\t\t\t\t<div class=\"elementor-widget-container\">\n\t\t\t\t\t\t\t\t\t<div class=\"elementor-button-wrapper\">\n\t\t\t\t\t<a class=\"elementor-button elementor-button-link elementor-size-sm\" href=\"https:\/\/www.ubsails.nl\/de\/portfolio\/\">\n\t\t\t\t\t\t<span class=\"elementor-button-content-wrapper\">\n\t\t\t\t\t\t\t\t\t<span class=\"elementor-button-text\">Weiterlesen<\/span>\n\t\t\t\t\t<\/span>\n\t\t\t\t\t<\/a>\n\t\t\t\t<\/div>\n\t\t\t\t\t\t\t\t<\/div>\n\t\t\t\t<\/div>\n\t\t\t\t\t<\/div>\n\t\t<\/div>\n\t\t\t\t\t<\/div>\n\t\t<\/section>\n\t\t\t\t\t<\/div>\n\t\t<\/div>\n\t\t\t\t\t<\/div>\n\t\t<\/section>\n\t\t\t\t<\/div>\n\t\t","protected":false},"excerpt":{"rendered":"<p>Segel f\u00fcr die Berufsschifffahrt Von Beginn an hat sich United Baltic Sails in der Herstellung von Segeln f\u00fcr Traditionssegler, wie Klipper, Tjalken, [&hellip;]<\/p>\n","protected":false},"author":1,"featured_media":0,"parent":0,"menu_order":0,"comment_status":"closed","ping_status":"closed","template":"elementor_header_footer","meta":{"footnotes":""},"class_list":["post-1667","page","type-page","status-publish","hentry"],"_links":{"self":[{"href":"https:\/\/www.ubsails.nl\/de\/wp-json\/wp\/v2\/pages\/1667","targetHints":{"allow":["GET"]}}],"collection":[{"href":"https:\/\/www.ubsails.nl\/de\/wp-json\/wp\/v2\/pages"}],"about":[{"href":"https:\/\/www.ubsails.nl\/de\/wp-json\/wp\/v2\/types\/page"}],"author":[{"embeddable":true,"href":"https:\/\/www.ubsails.nl\/de\/wp-json\/wp\/v2\/users\/1"}],"replies":[{"embeddable":true,"href":"https:\/\/www.ubsails.nl\/de\/wp-json\/wp\/v2\/comments?post=1667"}],"version-history":[{"count":5,"href":"https:\/\/www.ubsails.nl\/de\/wp-json\/wp\/v2\/pages\/1667\/revisions"}],"predecessor-version":[{"id":1785,"href":"https:\/\/www.ubsails.nl\/de\/wp-json\/wp\/v2\/pages\/1667\/revisions\/1785"}],"wp:attachment":[{"href":"https:\/\/www.ubsails.nl\/de\/wp-json\/wp\/v2\/media?parent=1667"}],"curies":[{"name":"wp","href":"https:\/\/api.w.org\/{rel}","templated":true}]}}