{"id":1630,"date":"2020-06-14T09:31:47","date_gmt":"2020-06-14T09:31:47","guid":{"rendered":"https:\/\/www.ubsails.nl\/?page_id=1630"},"modified":"2020-06-28T18:08:46","modified_gmt":"2020-06-28T18:08:46","slug":"segel-jachten-plattenbodenschiffe","status":"publish","type":"page","link":"https:\/\/www.ubsails.nl\/de\/segel-jachten-plattenbodenschiffe\/","title":{"rendered":"Segel jachten plattenbodenschiffe"},"content":{"rendered":"\t\t<div data-elementor-type=\"wp-page\" data-elementor-id=\"1630\" class=\"elementor elementor-1630\" data-elementor-post-type=\"page\">\n\t\t\t\t\t\t<section class=\"elementor-section elementor-top-section elementor-element elementor-element-a5d2a3a elementor-section-full_width elementor-section-content-middle elementor-section-height-default elementor-section-height-default\" data-id=\"a5d2a3a\" data-element_type=\"section\" data-e-type=\"section\">\n\t\t\t\t\t\t<div class=\"elementor-container elementor-column-gap-no\">\n\t\t\t\t\t<div class=\"elementor-column elementor-col-50 elementor-top-column elementor-element elementor-element-e658d46\" data-id=\"e658d46\" data-element_type=\"column\" data-e-type=\"column\" data-settings=\"{&quot;background_background&quot;:&quot;classic&quot;}\">\n\t\t\t<div class=\"elementor-widget-wrap\">\n\t\t\t\t\t<div class=\"elementor-background-overlay\"><\/div>\n\t\t\t\t\t\t\t<\/div>\n\t\t<\/div>\n\t\t\t\t<div class=\"elementor-column elementor-col-50 elementor-top-column elementor-element elementor-element-1950c1e\" data-id=\"1950c1e\" data-element_type=\"column\" data-e-type=\"column\">\n\t\t\t<div class=\"elementor-widget-wrap elementor-element-populated\">\n\t\t\t\t\t\t<div class=\"elementor-element elementor-element-013dedd elementor-widget elementor-widget-text-editor\" data-id=\"013dedd\" data-element_type=\"widget\" data-e-type=\"widget\" data-widget_type=\"text-editor.default\">\n\t\t\t\t<div class=\"elementor-widget-container\">\n\t\t\t\t\t\t\t\t\t<p><span lang=\"DE\">Segel f\u00fcr jachten und plattenbodenschiffe<\/span><\/p>\t\t\t\t\t\t\t\t<\/div>\n\t\t\t\t<\/div>\n\t\t\t\t<div class=\"elementor-element elementor-element-dc447e9 elementor-widget elementor-widget-text-editor\" data-id=\"dc447e9\" data-element_type=\"widget\" data-e-type=\"widget\" data-widget_type=\"text-editor.default\">\n\t\t\t\t<div class=\"elementor-widget-container\">\n\t\t\t\t\t\t\t\t\t<p>Entw\u00fcrfe: <u><\/u><u><\/u><span lang=\"DE\">F\u00fcr die Segelentw\u00fcrfe arbeiten wir dem modernen Designprogramm SailPack. <\/span><u><\/u><u><\/u><span lang=\"DE\">Diese bietet unter anderem die M\u00f6glichkeit Entw\u00fcrfe in 3D zu visualisieren und zu beurteilen. <\/span><u><\/u><u><\/u><span lang=\"DE\">Des Weiteren bietet es vielseitige M\u00f6glichkeiten zur Analyse des Entwurfs. Die Segel k\u00f6nnen auch digital auf dem Schiff dargestellt und das Zusammenspiel gepr\u00fcft werden. <\/span><\/p><p><u><\/u><u><\/u><a name=\"m_6710059702064942060_Bookmark\"><\/a><span lang=\"DE\">Segel zu entwerfen funktioniert nicht auf Knopfdruck. Um ein Segel richtig entwerfen zu k\u00f6nnen, ist viel Erfahrung notwendig. <\/span>Diese ist gl\u00fccklicherweise reichlich in unserem Betrieb vorhanden. <u><\/u><u><\/u><span lang=\"DE\">Erst wenn wir mit dem Ergebnis wirklich zufrieden sind, werden die Ma\u00dfe an den Plotter gesendet, wo die Paneele mit Laser ausgeschnitten werden. <\/span><u><\/u><u><\/u><span lang=\"DE\">Die Herstellung des Segels mit den Verst\u00e4rkungen, Beschl\u00e4gen und so weiter erfolgt letztendlich in traditioneller Handarbeit und mit viel Leidenschaft in unserer Segelwerkstatt. <\/span><\/p><p><span lang=\"EN-GB\">\u00a0<\/span><\/p>\t\t\t\t\t\t\t\t<\/div>\n\t\t\t\t<\/div>\n\t\t\t\t\t<\/div>\n\t\t<\/div>\n\t\t\t\t\t<\/div>\n\t\t<\/section>\n\t\t\t\t<section class=\"elementor-section elementor-top-section elementor-element elementor-element-51321ed elementor-section-boxed elementor-section-height-default elementor-section-height-default\" data-id=\"51321ed\" data-element_type=\"section\" data-e-type=\"section\">\n\t\t\t\t\t\t<div class=\"elementor-container elementor-column-gap-default\">\n\t\t\t\t\t<div class=\"elementor-column elementor-col-100 elementor-top-column elementor-element elementor-element-37e8c95\" data-id=\"37e8c95\" data-element_type=\"column\" data-e-type=\"column\">\n\t\t\t<div class=\"elementor-widget-wrap elementor-element-populated\">\n\t\t\t\t\t\t<section class=\"elementor-section elementor-inner-section elementor-element elementor-element-3149785 elementor-section-content-middle elementor-section-boxed elementor-section-height-default elementor-section-height-default\" data-id=\"3149785\" data-element_type=\"section\" data-e-type=\"section\">\n\t\t\t\t\t\t<div class=\"elementor-container elementor-column-gap-no\">\n\t\t\t\t\t<div class=\"elementor-column elementor-col-33 elementor-inner-column elementor-element elementor-element-2604fde\" data-id=\"2604fde\" data-element_type=\"column\" data-e-type=\"column\" data-settings=\"{&quot;background_background&quot;:&quot;classic&quot;}\">\n\t\t\t<div class=\"elementor-widget-wrap elementor-element-populated\">\n\t\t\t\t\t\t<div class=\"elementor-element elementor-element-4068b35 elementor-widget elementor-widget-image\" data-id=\"4068b35\" data-element_type=\"widget\" data-e-type=\"widget\" data-widget_type=\"image.default\">\n\t\t\t\t<div class=\"elementor-widget-container\">\n\t\t\t\t\t\t\t\t\t\t\t\t\t\t\t<img fetchpriority=\"high\" decoding=\"async\" width=\"1024\" height=\"682\" src=\"https:\/\/www.ubsails.nl\/wp-content\/uploads\/2020\/05\/ubssails_jachten02-1024x682.webp\" class=\"attachment-large size-large wp-image-1319\" alt=\"\" srcset=\"https:\/\/www.ubsails.nl\/wp-content\/uploads\/2020\/05\/ubssails_jachten02-1024x682.webp 1024w, https:\/\/www.ubsails.nl\/wp-content\/uploads\/2020\/05\/ubssails_jachten02-300x200.webp 300w, https:\/\/www.ubsails.nl\/wp-content\/uploads\/2020\/05\/ubssails_jachten02-768x512.webp 768w, https:\/\/www.ubsails.nl\/wp-content\/uploads\/2020\/05\/ubssails_jachten02-1536x1024.webp 1536w, https:\/\/www.ubsails.nl\/wp-content\/uploads\/2020\/05\/ubssails_jachten02-830x553.webp 830w, https:\/\/www.ubsails.nl\/wp-content\/uploads\/2020\/05\/ubssails_jachten02-230x153.webp 230w, https:\/\/www.ubsails.nl\/wp-content\/uploads\/2020\/05\/ubssails_jachten02-350x233.webp 350w, https:\/\/www.ubsails.nl\/wp-content\/uploads\/2020\/05\/ubssails_jachten02-480x320.webp 480w, https:\/\/www.ubsails.nl\/wp-content\/uploads\/2020\/05\/ubssails_jachten02.webp 1772w\" sizes=\"(max-width: 1024px) 100vw, 1024px\" \/>\t\t\t\t\t\t\t\t\t\t\t\t\t\t\t<\/div>\n\t\t\t\t<\/div>\n\t\t\t\t<div class=\"elementor-element elementor-element-2c90c81 elementor-widget elementor-widget-image-box\" data-id=\"2c90c81\" data-element_type=\"widget\" data-e-type=\"widget\" data-widget_type=\"image-box.default\">\n\t\t\t\t<div class=\"elementor-widget-container\">\n\t\t\t\t\t<div class=\"elementor-image-box-wrapper\"><div class=\"elementor-image-box-content\"><h3 class=\"elementor-image-box-title\">Produkt-informationen<\/h3><p class=\"elementor-image-box-description\"><span style=\"font-size:12.0pt\">Produktinformationen <\/span>segel f\u00fcr jachten und plattenbodenschiffe.<\/p><\/div><\/div>\t\t\t\t<\/div>\n\t\t\t\t<\/div>\n\t\t\t\t<div class=\"elementor-element elementor-element-1a02f6e elementor-align-center elementor-widget elementor-widget-button\" data-id=\"1a02f6e\" data-element_type=\"widget\" data-e-type=\"widget\" data-widget_type=\"button.default\">\n\t\t\t\t<div class=\"elementor-widget-container\">\n\t\t\t\t\t\t\t\t\t<div class=\"elementor-button-wrapper\">\n\t\t\t\t\t<a class=\"elementor-button elementor-button-link elementor-size-sm\" href=\"https:\/\/www.ubsails.nl\/de\/produktinformation-jachten-plattenbodenschiffe\/\">\n\t\t\t\t\t\t<span class=\"elementor-button-content-wrapper\">\n\t\t\t\t\t\t\t\t\t<span class=\"elementor-button-text\">Weiterlesen<\/span>\n\t\t\t\t\t<\/span>\n\t\t\t\t\t<\/a>\n\t\t\t\t<\/div>\n\t\t\t\t\t\t\t\t<\/div>\n\t\t\t\t<\/div>\n\t\t\t\t\t<\/div>\n\t\t<\/div>\n\t\t\t\t<div class=\"elementor-column elementor-col-33 elementor-inner-column elementor-element elementor-element-2cf78c1\" data-id=\"2cf78c1\" data-element_type=\"column\" data-e-type=\"column\" data-settings=\"{&quot;background_background&quot;:&quot;classic&quot;}\">\n\t\t\t<div class=\"elementor-widget-wrap elementor-element-populated\">\n\t\t\t\t\t\t<div class=\"elementor-element elementor-element-98613e4 elementor-widget elementor-widget-image\" data-id=\"98613e4\" data-element_type=\"widget\" data-e-type=\"widget\" data-widget_type=\"image.default\">\n\t\t\t\t<div class=\"elementor-widget-container\">\n\t\t\t\t\t\t\t\t\t\t\t\t\t\t\t<img decoding=\"async\" src=\"https:\/\/nieuw.ubsails.nl\/wp-content\/uploads\/2020\/05\/ubssails_blokken.jpg\" title=\"\" alt=\"\" loading=\"lazy\" \/>\t\t\t\t\t\t\t\t\t\t\t\t\t\t\t<\/div>\n\t\t\t\t<\/div>\n\t\t\t\t<div class=\"elementor-element elementor-element-5d5a762 elementor-widget elementor-widget-image-box\" data-id=\"5d5a762\" data-element_type=\"widget\" data-e-type=\"widget\" data-widget_type=\"image-box.default\">\n\t\t\t\t<div class=\"elementor-widget-container\">\n\t\t\t\t\t<div class=\"elementor-image-box-wrapper\"><div class=\"elementor-image-box-content\"><h3 class=\"elementor-image-box-title\">Bl\u00f6cke\u200b<\/h3><p class=\"elementor-image-box-description\">Wir liefern diverse hochwertige bl\u00f6cke.<\/p><\/div><\/div>\t\t\t\t<\/div>\n\t\t\t\t<\/div>\n\t\t\t\t<div class=\"elementor-element elementor-element-6a04c19 elementor-align-center elementor-widget elementor-widget-button\" data-id=\"6a04c19\" data-element_type=\"widget\" data-e-type=\"widget\" data-widget_type=\"button.default\">\n\t\t\t\t<div class=\"elementor-widget-container\">\n\t\t\t\t\t\t\t\t\t<div class=\"elementor-button-wrapper\">\n\t\t\t\t\t<a class=\"elementor-button elementor-button-link elementor-size-sm\" href=\"https:\/\/www.ubsails.nl\/de\/blocke\/\">\n\t\t\t\t\t\t<span class=\"elementor-button-content-wrapper\">\n\t\t\t\t\t\t\t\t\t<span class=\"elementor-button-text\">Weiterlesen<\/span>\n\t\t\t\t\t<\/span>\n\t\t\t\t\t<\/a>\n\t\t\t\t<\/div>\n\t\t\t\t\t\t\t\t<\/div>\n\t\t\t\t<\/div>\n\t\t\t\t\t<\/div>\n\t\t<\/div>\n\t\t\t\t<div class=\"elementor-column elementor-col-33 elementor-inner-column elementor-element elementor-element-1e90a34\" data-id=\"1e90a34\" data-element_type=\"column\" data-e-type=\"column\" data-settings=\"{&quot;background_background&quot;:&quot;classic&quot;}\">\n\t\t\t<div class=\"elementor-widget-wrap elementor-element-populated\">\n\t\t\t\t\t\t<div class=\"elementor-element elementor-element-93f071c elementor-widget elementor-widget-image\" data-id=\"93f071c\" data-element_type=\"widget\" data-e-type=\"widget\" data-widget_type=\"image.default\">\n\t\t\t\t<div class=\"elementor-widget-container\">\n\t\t\t\t\t\t\t\t\t\t\t\t\t\t\t<img decoding=\"async\" width=\"1024\" height=\"682\" src=\"https:\/\/www.ubsails.nl\/wp-content\/uploads\/2020\/05\/portfolio_jachten01-1024x682.webp\" class=\"attachment-large size-large wp-image-1411\" alt=\"\" srcset=\"https:\/\/www.ubsails.nl\/wp-content\/uploads\/2020\/05\/portfolio_jachten01-1024x682.webp 1024w, https:\/\/www.ubsails.nl\/wp-content\/uploads\/2020\/05\/portfolio_jachten01-300x200.webp 300w, https:\/\/www.ubsails.nl\/wp-content\/uploads\/2020\/05\/portfolio_jachten01-768x512.webp 768w, https:\/\/www.ubsails.nl\/wp-content\/uploads\/2020\/05\/portfolio_jachten01-1536x1024.webp 1536w, https:\/\/www.ubsails.nl\/wp-content\/uploads\/2020\/05\/portfolio_jachten01-830x553.webp 830w, https:\/\/www.ubsails.nl\/wp-content\/uploads\/2020\/05\/portfolio_jachten01-230x153.webp 230w, https:\/\/www.ubsails.nl\/wp-content\/uploads\/2020\/05\/portfolio_jachten01-350x233.webp 350w, https:\/\/www.ubsails.nl\/wp-content\/uploads\/2020\/05\/portfolio_jachten01-480x320.webp 480w, https:\/\/www.ubsails.nl\/wp-content\/uploads\/2020\/05\/portfolio_jachten01.webp 1772w\" sizes=\"(max-width: 1024px) 100vw, 1024px\" \/>\t\t\t\t\t\t\t\t\t\t\t\t\t\t\t<\/div>\n\t\t\t\t<\/div>\n\t\t\t\t<div class=\"elementor-element elementor-element-d832f73 elementor-widget elementor-widget-image-box\" data-id=\"d832f73\" data-element_type=\"widget\" data-e-type=\"widget\" data-widget_type=\"image-box.default\">\n\t\t\t\t<div class=\"elementor-widget-container\">\n\t\t\t\t\t<div class=\"elementor-image-box-wrapper\"><div class=\"elementor-image-box-content\"><h3 class=\"elementor-image-box-title\">Portfolio<\/h3><p class=\"elementor-image-box-description\">Sehen Sie sich hier unsere Arbeit an, auf die wir sehr stolz sind.<\/p><\/div><\/div>\t\t\t\t<\/div>\n\t\t\t\t<\/div>\n\t\t\t\t<div class=\"elementor-element elementor-element-669d499 elementor-align-center elementor-widget elementor-widget-button\" data-id=\"669d499\" data-element_type=\"widget\" data-e-type=\"widget\" data-widget_type=\"button.default\">\n\t\t\t\t<div class=\"elementor-widget-container\">\n\t\t\t\t\t\t\t\t\t<div class=\"elementor-button-wrapper\">\n\t\t\t\t\t<a class=\"elementor-button elementor-button-link elementor-size-sm\" href=\"https:\/\/www.ubsails.nl\/de\/portfolio\/\">\n\t\t\t\t\t\t<span class=\"elementor-button-content-wrapper\">\n\t\t\t\t\t\t\t\t\t<span class=\"elementor-button-text\">Weiterlesen<\/span>\n\t\t\t\t\t<\/span>\n\t\t\t\t\t<\/a>\n\t\t\t\t<\/div>\n\t\t\t\t\t\t\t\t<\/div>\n\t\t\t\t<\/div>\n\t\t\t\t\t<\/div>\n\t\t<\/div>\n\t\t\t\t\t<\/div>\n\t\t<\/section>\n\t\t\t\t\t<\/div>\n\t\t<\/div>\n\t\t\t\t\t<\/div>\n\t\t<\/section>\n\t\t\t\t<section class=\"elementor-section elementor-top-section elementor-element elementor-element-352bc3d8 elementor-section-content-middle elementor-section-boxed elementor-section-height-default elementor-section-height-default\" data-id=\"352bc3d8\" data-element_type=\"section\" data-e-type=\"section\">\n\t\t\t\t\t\t<div class=\"elementor-container elementor-column-gap-no\">\n\t\t\t\t\t<div class=\"elementor-column elementor-col-100 elementor-top-column elementor-element elementor-element-2a28337c\" data-id=\"2a28337c\" data-element_type=\"column\" data-e-type=\"column\">\n\t\t\t<div class=\"elementor-widget-wrap elementor-element-populated\">\n\t\t\t\t\t\t<div class=\"elementor-element elementor-element-77eace59 elementor-widget elementor-widget-heading\" data-id=\"77eace59\" data-element_type=\"widget\" data-e-type=\"widget\" data-widget_type=\"heading.default\">\n\t\t\t\t<div class=\"elementor-widget-container\">\n\t\t\t\t\t<h4 class=\"elementor-heading-title elementor-size-small\">Materialien und lieferanten:<\/h4>\t\t\t\t<\/div>\n\t\t\t\t<\/div>\n\t\t\t\t<div class=\"elementor-element elementor-element-16e9851b elementor-widget elementor-widget-heading\" data-id=\"16e9851b\" data-element_type=\"widget\" data-e-type=\"widget\" data-widget_type=\"heading.default\">\n\t\t\t\t<div class=\"elementor-widget-container\">\n\t\t\t\t\t<h5 class=\"elementor-heading-title elementor-size-default\">Wir verarbeiten ausschlie\u00dflich hochwertige produkte. Diese werden unter anderem von den folgenden betrieben geliefert: <\/h5>\t\t\t\t<\/div>\n\t\t\t\t<\/div>\n\t\t\t\t<section class=\"elementor-section elementor-inner-section elementor-element elementor-element-33827ad2 elementor-section-content-middle elementor-section-boxed elementor-section-height-default elementor-section-height-default\" data-id=\"33827ad2\" data-element_type=\"section\" data-e-type=\"section\">\n\t\t\t\t\t\t<div class=\"elementor-container elementor-column-gap-no\">\n\t\t\t\t\t<div class=\"elementor-column elementor-col-100 elementor-inner-column elementor-element elementor-element-463554b2\" data-id=\"463554b2\" data-element_type=\"column\" data-e-type=\"column\">\n\t\t\t<div class=\"elementor-widget-wrap elementor-element-populated\">\n\t\t\t\t\t\t<div class=\"elementor-element elementor-element-3b1c6267 elementor-skin-carousel elementor-pagination-type-bullets elementor-pagination-position-outside elementor-widget elementor-widget-media-carousel\" data-id=\"3b1c6267\" data-element_type=\"widget\" data-e-type=\"widget\" data-settings=\"{&quot;slides_per_view&quot;:&quot;4&quot;,&quot;space_between&quot;:{&quot;unit&quot;:&quot;px&quot;,&quot;size&quot;:0,&quot;sizes&quot;:[]},&quot;skin&quot;:&quot;carousel&quot;,&quot;effect&quot;:&quot;slide&quot;,&quot;pagination&quot;:&quot;bullets&quot;,&quot;speed&quot;:500,&quot;autoplay&quot;:&quot;yes&quot;,&quot;autoplay_speed&quot;:5000,&quot;loop&quot;:&quot;yes&quot;,&quot;pause_on_hover&quot;:&quot;yes&quot;,&quot;pause_on_interaction&quot;:&quot;yes&quot;,&quot;space_between_tablet&quot;:{&quot;unit&quot;:&quot;px&quot;,&quot;size&quot;:10,&quot;sizes&quot;:[]},&quot;space_between_mobile&quot;:{&quot;unit&quot;:&quot;px&quot;,&quot;size&quot;:10,&quot;sizes&quot;:[]}}\" data-widget_type=\"media-carousel.default\">\n\t\t\t\t<div class=\"elementor-widget-container\">\n\t\t\t\t\t\t\t\t\t<div class=\"elementor-swiper\">\n\t\t\t\t\t<div class=\"elementor-main-swiper swiper\" role=\"region\" aria-roledescription=\"carousel\" aria-label=\"Slider\">\n\t\t\t\t<div class=\"swiper-wrapper\">\n\t\t\t\t\t\t\t\t\t\t\t<div class=\"swiper-slide\" role=\"group\" aria-roledescription=\"slide\">\n\t\t\t\t\t\t\t<a href=\"https:\/\/www.contendersailcloth.com\/\" target=\"_blank\">\t\t<div class=\"elementor-carousel-image\" role=\"img\" aria-label=\"logo_contendersailcloth\" style=\"background-image: url(&#039;https:\/\/www.ubsails.nl\/wp-content\/uploads\/2020\/05\/logo_contendersailcloth.webp&#039;)\">\n\n\t\t\t\n\t\t\t\t\t<\/div>\n\t\t<\/a>\t\t\t\t\t\t<\/div>\n\t\t\t\t\t\t\t\t\t\t\t<div class=\"swiper-slide\" role=\"group\" aria-roledescription=\"slide\">\n\t\t\t\t\t\t\t<a href=\"https:\/\/www.dimension-polyant.com\/\" target=\"_blank\">\t\t<div class=\"elementor-carousel-image\" role=\"img\" aria-label=\"logo_dimensionpolyant\" style=\"background-image: url(&#039;https:\/\/www.ubsails.nl\/wp-content\/uploads\/2020\/05\/logo_dimensionpolyant.webp&#039;)\">\n\n\t\t\t\n\t\t\t\t\t<\/div>\n\t\t<\/a>\t\t\t\t\t\t<\/div>\n\t\t\t\t\t\t\t\t\t\t\t<div class=\"swiper-slide\" role=\"group\" aria-roledescription=\"slide\">\n\t\t\t\t\t\t\t<a href=\"https:\/\/www.rutgerson.se\/\" target=\"_blank\">\t\t<div class=\"elementor-carousel-image\" role=\"img\" aria-label=\"logo_jutgerson\" style=\"background-image: url(&#039;https:\/\/www.ubsails.nl\/wp-content\/uploads\/2020\/05\/logo_jutgerson.webp&#039;)\">\n\n\t\t\t\n\t\t\t\t\t<\/div>\n\t\t<\/a>\t\t\t\t\t\t<\/div>\n\t\t\t\t\t\t\t\t\t\t\t<div class=\"swiper-slide\" role=\"group\" aria-roledescription=\"slide\">\n\t\t\t\t\t\t\t<a href=\"https:\/\/www.seldenmast.com\/\" target=\"_blank\">\t\t<div class=\"elementor-carousel-image\" role=\"img\" aria-label=\"logo_selden\" style=\"background-image: url(&#039;https:\/\/www.ubsails.nl\/wp-content\/uploads\/2020\/05\/logo_selden.webp&#039;)\">\n\n\t\t\t\n\t\t\t\t\t<\/div>\n\t\t<\/a>\t\t\t\t\t\t<\/div>\n\t\t\t\t\t\t\t\t\t\t\t<div class=\"swiper-slide\" role=\"group\" aria-roledescription=\"slide\">\n\t\t\t\t\t\t\t<a href=\"https:\/\/www.on-deck.nl\/\" target=\"_blank\">\t\t<div class=\"elementor-carousel-image\" role=\"img\" aria-label=\"logo_ondeck\" style=\"background-image: url(&#039;https:\/\/www.ubsails.nl\/wp-content\/uploads\/2020\/05\/logo_ondeck.webp&#039;)\">\n\n\t\t\t\n\t\t\t\t\t<\/div>\n\t\t<\/a>\t\t\t\t\t\t<\/div>\n\t\t\t\t\t\t\t\t\t\t\t<div class=\"swiper-slide\" role=\"group\" aria-roledescription=\"slide\">\n\t\t\t\t\t\t\t<a href=\"https:\/\/www.lindemann-kg.de\/en\/\" target=\"_blank\">\t\t<div class=\"elementor-carousel-image\" role=\"img\" aria-label=\"logo_lindemann\" style=\"background-image: url(&#039;https:\/\/www.ubsails.nl\/wp-content\/uploads\/2020\/05\/logo_lindemann.webp&#039;)\">\n\n\t\t\t\n\t\t\t\t\t<\/div>\n\t\t<\/a>\t\t\t\t\t\t<\/div>\n\t\t\t\t\t\t\t\t\t\t\t<div class=\"swiper-slide\" role=\"group\" aria-roledescription=\"slide\">\n\t\t\t\t\t\t\t<a href=\"https:\/\/www.aplusrigging.nl\/\" target=\"_blank\">\t\t<div class=\"elementor-carousel-image\" role=\"img\" aria-label=\"logo_aplusrigging\" style=\"background-image: url(&#039;https:\/\/www.ubsails.nl\/wp-content\/uploads\/2020\/05\/logo_aplusrigging.webp&#039;)\">\n\n\t\t\t\n\t\t\t\t\t<\/div>\n\t\t<\/a>\t\t\t\t\t\t<\/div>\n\t\t\t\t\t\t\t\t\t\t\t<div class=\"swiper-slide\" role=\"group\" aria-roledescription=\"slide\">\n\t\t\t\t\t\t\t<a href=\"http:\/\/www.tunedrigs.com\/\" target=\"_blank\">\t\t<div class=\"elementor-carousel-image\" role=\"img\" aria-label=\"logo_tunedrigs\" style=\"background-image: url(&#039;https:\/\/www.ubsails.nl\/wp-content\/uploads\/2020\/05\/logo_tunedrigs.webp&#039;)\">\n\n\t\t\t\n\t\t\t\t\t<\/div>\n\t\t<\/a>\t\t\t\t\t\t<\/div>\n\t\t\t\t\t\t\t\t\t\t\t<div class=\"swiper-slide\" role=\"group\" aria-roledescription=\"slide\">\n\t\t\t\t\t\t\t<a href=\"https:\/\/zeilwasserij.nl\/\" target=\"_blank\">\t\t<div class=\"elementor-carousel-image\" role=\"img\" aria-label=\"logo_zeilwasserij\" style=\"background-image: url(&#039;https:\/\/www.ubsails.nl\/wp-content\/uploads\/2020\/05\/logo_zeilwasserij.webp&#039;)\">\n\n\t\t\t\n\t\t\t\t\t<\/div>\n\t\t<\/a>\t\t\t\t\t\t<\/div>\n\t\t\t\t\t\t\t\t\t\t\t<div class=\"swiper-slide\" role=\"group\" aria-roledescription=\"slide\">\n\t\t\t\t\t\t\t<a href=\"https:\/\/www.roschmarine.nl\/\" target=\"_blank\">\t\t<div class=\"elementor-carousel-image\" role=\"img\" aria-label=\"logo_roschmarine\" style=\"background-image: url(&#039;https:\/\/www.ubsails.nl\/wp-content\/uploads\/2020\/05\/logo_roschmarine.webp&#039;)\">\n\n\t\t\t\n\t\t\t\t\t<\/div>\n\t\t<\/a>\t\t\t\t\t\t<\/div>\n\t\t\t\t\t\t\t\t\t\t\t<div class=\"swiper-slide\" role=\"group\" aria-roledescription=\"slide\">\n\t\t\t\t\t\t\t<a href=\"http:\/\/www.zeilmakerij-joeridaniel.nl\/\" target=\"_blank\">\t\t<div class=\"elementor-carousel-image\" role=\"img\" aria-label=\"logo_joeridaniel\" style=\"background-image: url(&#039;https:\/\/www.ubsails.nl\/wp-content\/uploads\/2020\/05\/logo_joeridaniel.webp&#039;)\">\n\n\t\t\t\n\t\t\t\t\t<\/div>\n\t\t<\/a>\t\t\t\t\t\t<\/div>\n\t\t\t\t\t\t\t\t\t<\/div>\n\t\t\t\t\t\t\t\t\t\t\t\t\t\t\t\t\t\t\t\t<div class=\"swiper-pagination\"><\/div>\n\t\t\t\t\t\t\t\t\t\t\t\t<\/div>\n\t\t\t\t<\/div>\n\t\t\t\t\t\t\t\t<\/div>\n\t\t\t\t<\/div>\n\t\t\t\t\t<\/div>\n\t\t<\/div>\n\t\t\t\t\t<\/div>\n\t\t<\/section>\n\t\t\t\t\t<\/div>\n\t\t<\/div>\n\t\t\t\t\t<\/div>\n\t\t<\/section>\n\t\t\t\t<\/div>\n\t\t","protected":false},"excerpt":{"rendered":"<p>Segel f\u00fcr jachten und plattenbodenschiffe Entw\u00fcrfe: F\u00fcr die Segelentw\u00fcrfe arbeiten wir dem modernen Designprogramm SailPack. Diese bietet unter anderem die M\u00f6glichkeit Entw\u00fcrfe [&hellip;]<\/p>\n","protected":false},"author":1,"featured_media":0,"parent":0,"menu_order":0,"comment_status":"closed","ping_status":"closed","template":"elementor_header_footer","meta":{"footnotes":""},"class_list":["post-1630","page","type-page","status-publish","hentry"],"_links":{"self":[{"href":"https:\/\/www.ubsails.nl\/de\/wp-json\/wp\/v2\/pages\/1630","targetHints":{"allow":["GET"]}}],"collection":[{"href":"https:\/\/www.ubsails.nl\/de\/wp-json\/wp\/v2\/pages"}],"about":[{"href":"https:\/\/www.ubsails.nl\/de\/wp-json\/wp\/v2\/types\/page"}],"author":[{"embeddable":true,"href":"https:\/\/www.ubsails.nl\/de\/wp-json\/wp\/v2\/users\/1"}],"replies":[{"embeddable":true,"href":"https:\/\/www.ubsails.nl\/de\/wp-json\/wp\/v2\/comments?post=1630"}],"version-history":[{"count":5,"href":"https:\/\/www.ubsails.nl\/de\/wp-json\/wp\/v2\/pages\/1630\/revisions"}],"predecessor-version":[{"id":1783,"href":"https:\/\/www.ubsails.nl\/de\/wp-json\/wp\/v2\/pages\/1630\/revisions\/1783"}],"wp:attachment":[{"href":"https:\/\/www.ubsails.nl\/de\/wp-json\/wp\/v2\/media?parent=1630"}],"curies":[{"name":"wp","href":"https:\/\/api.w.org\/{rel}","templated":true}]}}