{"id":1599,"date":"2020-06-05T08:19:00","date_gmt":"2020-06-05T08:19:00","guid":{"rendered":"https:\/\/www.ubsails.nl\/?page_id=1599"},"modified":"2025-08-20T13:41:08","modified_gmt":"2025-08-20T13:41:08","slug":"blocke","status":"publish","type":"page","link":"https:\/\/www.ubsails.nl\/de\/blocke\/","title":{"rendered":"Bl\u00f6cke"},"content":{"rendered":"\t\t<div data-elementor-type=\"wp-page\" data-elementor-id=\"1599\" class=\"elementor elementor-1599\" data-elementor-post-type=\"page\">\n\t\t\t\t\t\t<section class=\"elementor-section elementor-top-section elementor-element elementor-element-bd9440a elementor-section-boxed elementor-section-height-default elementor-section-height-default\" data-id=\"bd9440a\" data-element_type=\"section\" data-e-type=\"section\">\n\t\t\t\t\t\t<div class=\"elementor-container elementor-column-gap-default\">\n\t\t\t\t\t<div class=\"elementor-column elementor-col-100 elementor-top-column elementor-element elementor-element-2db7499\" data-id=\"2db7499\" data-element_type=\"column\" data-e-type=\"column\">\n\t\t\t<div class=\"elementor-widget-wrap elementor-element-populated\">\n\t\t\t\t\t\t<div class=\"elementor-element elementor-element-44d3bba elementor-widget elementor-widget-heading\" data-id=\"44d3bba\" data-element_type=\"widget\" data-e-type=\"widget\" data-widget_type=\"heading.default\">\n\t\t\t\t<div class=\"elementor-widget-container\">\n\t\t\t\t\t<h4 class=\"elementor-heading-title elementor-size-default\">Hochwertige Bl\u00f6cke<\/h4>\t\t\t\t<\/div>\n\t\t\t\t<\/div>\n\t\t\t\t\t<\/div>\n\t\t<\/div>\n\t\t\t\t\t<\/div>\n\t\t<\/section>\n\t\t\t\t<section class=\"elementor-section elementor-top-section elementor-element elementor-element-c0d8e1e elementor-section-boxed elementor-section-height-default elementor-section-height-default\" data-id=\"c0d8e1e\" data-element_type=\"section\" data-e-type=\"section\">\n\t\t\t\t\t\t<div class=\"elementor-container elementor-column-gap-default\">\n\t\t\t\t\t<div class=\"elementor-column elementor-col-100 elementor-top-column elementor-element elementor-element-b4feb49\" data-id=\"b4feb49\" data-element_type=\"column\" data-e-type=\"column\" data-settings=\"{&quot;background_background&quot;:&quot;classic&quot;}\">\n\t\t\t<div class=\"elementor-widget-wrap elementor-element-populated\">\n\t\t\t\t\t\t<section class=\"elementor-section elementor-inner-section elementor-element elementor-element-c68f9f6 elementor-section-boxed elementor-section-height-default elementor-section-height-default\" data-id=\"c68f9f6\" data-element_type=\"section\" data-e-type=\"section\">\n\t\t\t\t\t\t<div class=\"elementor-container elementor-column-gap-default\">\n\t\t\t\t\t<div class=\"elementor-column elementor-col-50 elementor-inner-column elementor-element elementor-element-9b923bd\" data-id=\"9b923bd\" data-element_type=\"column\" data-e-type=\"column\">\n\t\t\t<div class=\"elementor-widget-wrap elementor-element-populated\">\n\t\t\t\t\t\t<div class=\"elementor-element elementor-element-bc6153c elementor-widget elementor-widget-heading\" data-id=\"bc6153c\" data-element_type=\"widget\" data-e-type=\"widget\" data-widget_type=\"heading.default\">\n\t\t\t\t<div class=\"elementor-widget-container\">\n\t\t\t\t\t<h2 class=\"elementor-heading-title elementor-size-default\">Entdecken Sie mehr! Sehen Sie sich unsere klassischen Bl\u00f6cke und Segelbeschl\u00e4ge jetzt auch in unserem Webshop an.<\/h2>\t\t\t\t<\/div>\n\t\t\t\t<\/div>\n\t\t\t\t\t<\/div>\n\t\t<\/div>\n\t\t\t\t<div class=\"elementor-column elementor-col-50 elementor-inner-column elementor-element elementor-element-77e310a\" data-id=\"77e310a\" data-element_type=\"column\" data-e-type=\"column\">\n\t\t\t<div class=\"elementor-widget-wrap elementor-element-populated\">\n\t\t\t\t\t\t<div class=\"elementor-element elementor-element-053d199 elementor-widget elementor-widget-button\" data-id=\"053d199\" data-element_type=\"widget\" data-e-type=\"widget\" data-widget_type=\"button.default\">\n\t\t\t\t<div class=\"elementor-widget-container\">\n\t\t\t\t\t\t\t\t\t<div class=\"elementor-button-wrapper\">\n\t\t\t\t\t<a class=\"elementor-button elementor-button-link elementor-size-sm\" href=\"https:\/\/www.ubshop.nl\/\" target=\"_blank\">\n\t\t\t\t\t\t<span class=\"elementor-button-content-wrapper\">\n\t\t\t\t\t\t\t\t\t<span class=\"elementor-button-text\">www.ubshop.nl<\/span>\n\t\t\t\t\t<\/span>\n\t\t\t\t\t<\/a>\n\t\t\t\t<\/div>\n\t\t\t\t\t\t\t\t<\/div>\n\t\t\t\t<\/div>\n\t\t\t\t\t<\/div>\n\t\t<\/div>\n\t\t\t\t\t<\/div>\n\t\t<\/section>\n\t\t\t\t\t<\/div>\n\t\t<\/div>\n\t\t\t\t\t<\/div>\n\t\t<\/section>\n\t\t\t\t<section class=\"elementor-section elementor-top-section elementor-element elementor-element-00078dd elementor-section-boxed elementor-section-height-default elementor-section-height-default\" data-id=\"00078dd\" data-element_type=\"section\" data-e-type=\"section\">\n\t\t\t\t\t\t<div class=\"elementor-container elementor-column-gap-default\">\n\t\t\t\t\t<div class=\"elementor-column elementor-col-100 elementor-top-column elementor-element elementor-element-ccce8a6\" data-id=\"ccce8a6\" data-element_type=\"column\" data-e-type=\"column\">\n\t\t\t<div class=\"elementor-widget-wrap elementor-element-populated\">\n\t\t\t\t\t\t<div class=\"elementor-element elementor-element-3dec00c elementor-widget elementor-widget-text-editor\" data-id=\"3dec00c\" data-element_type=\"widget\" data-e-type=\"widget\" data-widget_type=\"text-editor.default\">\n\t\t\t\t<div class=\"elementor-widget-container\">\n\t\t\t\t\t\t\t\t\t<p><span lang=\"DE\">Wir liefern diverse hochwertige Bl\u00f6cke f\u00fcr die Takelage von Charterschiffen, Tall Ships und traditionellen Jachten und Plattbodenschiffen. <\/span>Der gr\u00f6\u00dfte Vorteil\u00a0 des Aufbaus besteht in der einfachen Demontage bei Inspektion und Unterhalt. Dar\u00fcber hinaus sind die Bl\u00f6cke durch einen Innenbeschlag aus 316 rostfreiem Stahl besonders stark und f\u00fcr den Einsatz in schwerem Wetter geeignet. Verschiedene Modelle sind aus dem Vorrat lieferbar, aber wenn gew\u00fcnscht, k\u00f6nnen wir auch Bl\u00f6cke nach Ihren Vorstellungen fertigen. Untenstehend finden Sie Beispiele. Mehr Informationen finden Sie in den PDFs.<\/p>\t\t\t\t\t\t\t\t<\/div>\n\t\t\t\t<\/div>\n\t\t\t\t\t<\/div>\n\t\t<\/div>\n\t\t\t\t\t<\/div>\n\t\t<\/section>\n\t\t\t\t<section class=\"elementor-section elementor-top-section elementor-element elementor-element-8885c41 elementor-section-boxed elementor-section-height-default elementor-section-height-default\" data-id=\"8885c41\" data-element_type=\"section\" data-e-type=\"section\">\n\t\t\t\t\t\t<div class=\"elementor-container elementor-column-gap-default\">\n\t\t\t\t\t<div class=\"elementor-column elementor-col-100 elementor-top-column elementor-element elementor-element-aa40548\" data-id=\"aa40548\" data-element_type=\"column\" data-e-type=\"column\">\n\t\t\t<div class=\"elementor-widget-wrap elementor-element-populated\">\n\t\t\t\t\t\t<div class=\"elementor-element elementor-element-1a98aeb elementor-widget elementor-widget-heading\" data-id=\"1a98aeb\" data-element_type=\"widget\" data-e-type=\"widget\" data-widget_type=\"heading.default\">\n\t\t\t\t<div class=\"elementor-widget-container\">\n\t\t\t\t\t<h5 class=\"elementor-heading-title elementor-size-default\">Produktinformationen herunterladen<\/h5>\t\t\t\t<\/div>\n\t\t\t\t<\/div>\n\t\t\t\t<section class=\"elementor-section elementor-inner-section elementor-element elementor-element-b9feeef elementor-section-content-middle elementor-section-boxed elementor-section-height-default elementor-section-height-default\" data-id=\"b9feeef\" data-element_type=\"section\" data-e-type=\"section\">\n\t\t\t\t\t\t<div class=\"elementor-container elementor-column-gap-no\">\n\t\t\t\t\t<div class=\"elementor-column elementor-col-33 elementor-inner-column elementor-element elementor-element-c399171\" data-id=\"c399171\" data-element_type=\"column\" data-e-type=\"column\" data-settings=\"{&quot;background_background&quot;:&quot;classic&quot;}\">\n\t\t\t<div class=\"elementor-widget-wrap elementor-element-populated\">\n\t\t\t\t\t\t<div class=\"elementor-element elementor-element-825ae36 elementor-widget elementor-widget-image\" data-id=\"825ae36\" data-element_type=\"widget\" data-e-type=\"widget\" data-widget_type=\"image.default\">\n\t\t\t\t<div class=\"elementor-widget-container\">\n\t\t\t\t\t\t\t\t\t\t\t\t\t\t\t<img fetchpriority=\"high\" decoding=\"async\" width=\"724\" height=\"1024\" src=\"https:\/\/www.ubsails.nl\/wp-content\/uploads\/2025\/02\/TallShipBlocks2025-1-724x1024.jpg\" class=\"attachment-large size-large wp-image-2039\" alt=\"\" srcset=\"https:\/\/www.ubsails.nl\/wp-content\/uploads\/2025\/02\/TallShipBlocks2025-1-724x1024.jpg 724w, https:\/\/www.ubsails.nl\/wp-content\/uploads\/2025\/02\/TallShipBlocks2025-1-212x300.jpg 212w, https:\/\/www.ubsails.nl\/wp-content\/uploads\/2025\/02\/TallShipBlocks2025-1-768x1086.jpg 768w, https:\/\/www.ubsails.nl\/wp-content\/uploads\/2025\/02\/TallShipBlocks2025-1-1086x1536.jpg 1086w, https:\/\/www.ubsails.nl\/wp-content\/uploads\/2025\/02\/TallShipBlocks2025-1-1448x2048.jpg 1448w, https:\/\/www.ubsails.nl\/wp-content\/uploads\/2025\/02\/TallShipBlocks2025-1-1000x1414.jpg 1000w, https:\/\/www.ubsails.nl\/wp-content\/uploads\/2025\/02\/TallShipBlocks2025-1-230x325.jpg 230w, https:\/\/www.ubsails.nl\/wp-content\/uploads\/2025\/02\/TallShipBlocks2025-1-350x495.jpg 350w, https:\/\/www.ubsails.nl\/wp-content\/uploads\/2025\/02\/TallShipBlocks2025-1-480x679.jpg 480w, https:\/\/www.ubsails.nl\/wp-content\/uploads\/2025\/02\/TallShipBlocks2025-1-scaled.jpg 1810w\" sizes=\"(max-width: 724px) 100vw, 724px\" \/>\t\t\t\t\t\t\t\t\t\t\t\t\t\t\t<\/div>\n\t\t\t\t<\/div>\n\t\t\t\t<div class=\"elementor-element elementor-element-302fb3a elementor-widget elementor-widget-image-box\" data-id=\"302fb3a\" data-element_type=\"widget\" data-e-type=\"widget\" data-widget_type=\"image-box.default\">\n\t\t\t\t<div class=\"elementor-widget-container\">\n\t\t\t\t\t<div class=\"elementor-image-box-wrapper\"><div class=\"elementor-image-box-content\"><h3 class=\"elementor-image-box-title\">Standard <\/h3><p class=\"elementor-image-box-description\">Die Standard Serie Eschenholzbl\u00f6cke.<\/p><\/div><\/div>\t\t\t\t<\/div>\n\t\t\t\t<\/div>\n\t\t\t\t<div class=\"elementor-element elementor-element-76c9324 elementor-align-center elementor-widget elementor-widget-button\" data-id=\"76c9324\" data-element_type=\"widget\" data-e-type=\"widget\" data-widget_type=\"button.default\">\n\t\t\t\t<div class=\"elementor-widget-container\">\n\t\t\t\t\t\t\t\t\t<div class=\"elementor-button-wrapper\">\n\t\t\t\t\t<a class=\"elementor-button elementor-button-link elementor-size-sm\" href=\"https:\/\/www.ubsails.nl\/wp-content\/uploads\/2025\/02\/TallShipBlocks2025.pdf\">\n\t\t\t\t\t\t<span class=\"elementor-button-content-wrapper\">\n\t\t\t\t\t\t\t\t\t<span class=\"elementor-button-text\">Herunterladen<\/span>\n\t\t\t\t\t<\/span>\n\t\t\t\t\t<\/a>\n\t\t\t\t<\/div>\n\t\t\t\t\t\t\t\t<\/div>\n\t\t\t\t<\/div>\n\t\t\t\t\t<\/div>\n\t\t<\/div>\n\t\t\t\t<div class=\"elementor-column elementor-col-33 elementor-inner-column elementor-element elementor-element-52efa48\" data-id=\"52efa48\" data-element_type=\"column\" data-e-type=\"column\" data-settings=\"{&quot;background_background&quot;:&quot;classic&quot;}\">\n\t\t\t<div class=\"elementor-widget-wrap elementor-element-populated\">\n\t\t\t\t\t\t<div class=\"elementor-element elementor-element-5a7a8b3 elementor-widget elementor-widget-image\" data-id=\"5a7a8b3\" data-element_type=\"widget\" data-e-type=\"widget\" data-widget_type=\"image.default\">\n\t\t\t\t<div class=\"elementor-widget-container\">\n\t\t\t\t\t\t\t\t\t\t\t\t\t\t\t<img decoding=\"async\" width=\"724\" height=\"1024\" src=\"https:\/\/www.ubsails.nl\/wp-content\/uploads\/2025\/02\/DCBlocks2025-1-724x1024.jpg\" class=\"attachment-large size-large wp-image-2042\" alt=\"\" srcset=\"https:\/\/www.ubsails.nl\/wp-content\/uploads\/2025\/02\/DCBlocks2025-1-724x1024.jpg 724w, https:\/\/www.ubsails.nl\/wp-content\/uploads\/2025\/02\/DCBlocks2025-1-212x300.jpg 212w, https:\/\/www.ubsails.nl\/wp-content\/uploads\/2025\/02\/DCBlocks2025-1-768x1086.jpg 768w, https:\/\/www.ubsails.nl\/wp-content\/uploads\/2025\/02\/DCBlocks2025-1-1086x1536.jpg 1086w, https:\/\/www.ubsails.nl\/wp-content\/uploads\/2025\/02\/DCBlocks2025-1-1448x2048.jpg 1448w, https:\/\/www.ubsails.nl\/wp-content\/uploads\/2025\/02\/DCBlocks2025-1-1000x1414.jpg 1000w, https:\/\/www.ubsails.nl\/wp-content\/uploads\/2025\/02\/DCBlocks2025-1-230x325.jpg 230w, https:\/\/www.ubsails.nl\/wp-content\/uploads\/2025\/02\/DCBlocks2025-1-350x495.jpg 350w, https:\/\/www.ubsails.nl\/wp-content\/uploads\/2025\/02\/DCBlocks2025-1-480x679.jpg 480w, https:\/\/www.ubsails.nl\/wp-content\/uploads\/2025\/02\/DCBlocks2025-1-scaled.jpg 1810w\" sizes=\"(max-width: 724px) 100vw, 724px\" \/>\t\t\t\t\t\t\t\t\t\t\t\t\t\t\t<\/div>\n\t\t\t\t<\/div>\n\t\t\t\t<div class=\"elementor-element elementor-element-752dfe4 elementor-widget elementor-widget-image-box\" data-id=\"752dfe4\" data-element_type=\"widget\" data-e-type=\"widget\" data-widget_type=\"image-box.default\">\n\t\t\t\t<div class=\"elementor-widget-container\">\n\t\t\t\t\t<div class=\"elementor-image-box-wrapper\"><div class=\"elementor-image-box-content\"><h3 class=\"elementor-image-box-title\">DC-Range<\/h3><p class=\"elementor-image-box-description\">Die kompakte DC Serie Eschenholzbl\u00f6cke.<\/p><\/div><\/div>\t\t\t\t<\/div>\n\t\t\t\t<\/div>\n\t\t\t\t<div class=\"elementor-element elementor-element-c0d6f9f elementor-align-center elementor-widget elementor-widget-button\" data-id=\"c0d6f9f\" data-element_type=\"widget\" data-e-type=\"widget\" data-widget_type=\"button.default\">\n\t\t\t\t<div class=\"elementor-widget-container\">\n\t\t\t\t\t\t\t\t\t<div class=\"elementor-button-wrapper\">\n\t\t\t\t\t<a class=\"elementor-button elementor-button-link elementor-size-sm\" href=\"https:\/\/www.ubsails.nl\/wp-content\/uploads\/2025\/02\/DCBlocks2025.pdf\">\n\t\t\t\t\t\t<span class=\"elementor-button-content-wrapper\">\n\t\t\t\t\t\t\t\t\t<span class=\"elementor-button-text\">Herunterladen<\/span>\n\t\t\t\t\t<\/span>\n\t\t\t\t\t<\/a>\n\t\t\t\t<\/div>\n\t\t\t\t\t\t\t\t<\/div>\n\t\t\t\t<\/div>\n\t\t\t\t\t<\/div>\n\t\t<\/div>\n\t\t\t\t<div class=\"elementor-column elementor-col-33 elementor-inner-column elementor-element elementor-element-a7b04dd\" data-id=\"a7b04dd\" data-element_type=\"column\" data-e-type=\"column\" data-settings=\"{&quot;background_background&quot;:&quot;classic&quot;}\">\n\t\t\t<div class=\"elementor-widget-wrap elementor-element-populated\">\n\t\t\t\t\t\t<div class=\"elementor-element elementor-element-8d8e3f4 elementor-widget elementor-widget-image\" data-id=\"8d8e3f4\" data-element_type=\"widget\" data-e-type=\"widget\" data-widget_type=\"image.default\">\n\t\t\t\t<div class=\"elementor-widget-container\">\n\t\t\t\t\t\t\t\t\t\t\t\t\t\t\t<img decoding=\"async\" width=\"724\" height=\"1024\" src=\"https:\/\/www.ubsails.nl\/wp-content\/uploads\/2025\/02\/EcoBlocks2025-1-724x1024.jpg\" class=\"attachment-large size-large wp-image-2045\" alt=\"\" srcset=\"https:\/\/www.ubsails.nl\/wp-content\/uploads\/2025\/02\/EcoBlocks2025-1-724x1024.jpg 724w, https:\/\/www.ubsails.nl\/wp-content\/uploads\/2025\/02\/EcoBlocks2025-1-212x300.jpg 212w, https:\/\/www.ubsails.nl\/wp-content\/uploads\/2025\/02\/EcoBlocks2025-1-768x1086.jpg 768w, https:\/\/www.ubsails.nl\/wp-content\/uploads\/2025\/02\/EcoBlocks2025-1-1086x1536.jpg 1086w, https:\/\/www.ubsails.nl\/wp-content\/uploads\/2025\/02\/EcoBlocks2025-1-1448x2048.jpg 1448w, https:\/\/www.ubsails.nl\/wp-content\/uploads\/2025\/02\/EcoBlocks2025-1-1000x1414.jpg 1000w, https:\/\/www.ubsails.nl\/wp-content\/uploads\/2025\/02\/EcoBlocks2025-1-230x325.jpg 230w, https:\/\/www.ubsails.nl\/wp-content\/uploads\/2025\/02\/EcoBlocks2025-1-350x495.jpg 350w, https:\/\/www.ubsails.nl\/wp-content\/uploads\/2025\/02\/EcoBlocks2025-1-480x679.jpg 480w, https:\/\/www.ubsails.nl\/wp-content\/uploads\/2025\/02\/EcoBlocks2025-1-scaled.jpg 1810w\" sizes=\"(max-width: 724px) 100vw, 724px\" \/>\t\t\t\t\t\t\t\t\t\t\t\t\t\t\t<\/div>\n\t\t\t\t<\/div>\n\t\t\t\t<div class=\"elementor-element elementor-element-0ab5a97 elementor-widget elementor-widget-image-box\" data-id=\"0ab5a97\" data-element_type=\"widget\" data-e-type=\"widget\" data-widget_type=\"image-box.default\">\n\t\t\t\t<div class=\"elementor-widget-container\">\n\t\t\t\t\t<div class=\"elementor-image-box-wrapper\"><div class=\"elementor-image-box-content\"><h3 class=\"elementor-image-box-title\">Eco bl\u00f6cke<\/h3><p class=\"elementor-image-box-description\">Die unterhaltsfreien Eco Bl\u00f6cke.<\/p><\/div><\/div>\t\t\t\t<\/div>\n\t\t\t\t<\/div>\n\t\t\t\t<div class=\"elementor-element elementor-element-80a5fa0 elementor-align-center elementor-widget elementor-widget-button\" data-id=\"80a5fa0\" data-element_type=\"widget\" data-e-type=\"widget\" data-widget_type=\"button.default\">\n\t\t\t\t<div class=\"elementor-widget-container\">\n\t\t\t\t\t\t\t\t\t<div class=\"elementor-button-wrapper\">\n\t\t\t\t\t<a class=\"elementor-button elementor-button-link elementor-size-sm\" href=\"https:\/\/www.ubsails.nl\/wp-content\/uploads\/2025\/02\/EcoBlocks2025.pdf\">\n\t\t\t\t\t\t<span class=\"elementor-button-content-wrapper\">\n\t\t\t\t\t\t\t\t\t<span class=\"elementor-button-text\">Herunterladen<\/span>\n\t\t\t\t\t<\/span>\n\t\t\t\t\t<\/a>\n\t\t\t\t<\/div>\n\t\t\t\t\t\t\t\t<\/div>\n\t\t\t\t<\/div>\n\t\t\t\t\t<\/div>\n\t\t<\/div>\n\t\t\t\t\t<\/div>\n\t\t<\/section>\n\t\t\t\t\t<\/div>\n\t\t<\/div>\n\t\t\t\t\t<\/div>\n\t\t<\/section>\n\t\t\t\t<\/div>\n\t\t","protected":false},"excerpt":{"rendered":"<p>Hochwertige Bl\u00f6cke Entdecken Sie mehr! Sehen Sie sich unsere klassischen Bl\u00f6cke und Segelbeschl\u00e4ge jetzt auch in unserem Webshop an. www.ubshop.nl Wir liefern [&hellip;]<\/p>\n","protected":false},"author":1,"featured_media":0,"parent":0,"menu_order":0,"comment_status":"closed","ping_status":"closed","template":"elementor_header_footer","meta":{"footnotes":""},"class_list":["post-1599","page","type-page","status-publish","hentry"],"_links":{"self":[{"href":"https:\/\/www.ubsails.nl\/de\/wp-json\/wp\/v2\/pages\/1599","targetHints":{"allow":["GET"]}}],"collection":[{"href":"https:\/\/www.ubsails.nl\/de\/wp-json\/wp\/v2\/pages"}],"about":[{"href":"https:\/\/www.ubsails.nl\/de\/wp-json\/wp\/v2\/types\/page"}],"author":[{"embeddable":true,"href":"https:\/\/www.ubsails.nl\/de\/wp-json\/wp\/v2\/users\/1"}],"replies":[{"embeddable":true,"href":"https:\/\/www.ubsails.nl\/de\/wp-json\/wp\/v2\/comments?post=1599"}],"version-history":[{"count":17,"href":"https:\/\/www.ubsails.nl\/de\/wp-json\/wp\/v2\/pages\/1599\/revisions"}],"predecessor-version":[{"id":2159,"href":"https:\/\/www.ubsails.nl\/de\/wp-json\/wp\/v2\/pages\/1599\/revisions\/2159"}],"wp:attachment":[{"href":"https:\/\/www.ubsails.nl\/de\/wp-json\/wp\/v2\/media?parent=1599"}],"curies":[{"name":"wp","href":"https:\/\/api.w.org\/{rel}","templated":true}]}}