{"id":1551,"date":"2020-06-05T07:29:52","date_gmt":"2020-06-05T07:29:52","guid":{"rendered":"https:\/\/www.ubsails.nl\/?page_id=1551"},"modified":"2021-12-14T10:22:16","modified_gmt":"2021-12-14T10:22:16","slug":"wer-wir-sind","status":"publish","type":"page","link":"https:\/\/www.ubsails.nl\/de\/wer-wir-sind\/","title":{"rendered":"Wer wir sind"},"content":{"rendered":"\t\t<div data-elementor-type=\"wp-page\" data-elementor-id=\"1551\" class=\"elementor elementor-1551\" data-elementor-post-type=\"page\">\n\t\t\t\t\t\t<section class=\"elementor-section elementor-top-section elementor-element elementor-element-59784584 elementor-section-full_width elementor-section-content-middle elementor-section-height-default elementor-section-height-default\" data-id=\"59784584\" data-element_type=\"section\" data-e-type=\"section\">\n\t\t\t\t\t\t<div class=\"elementor-container elementor-column-gap-no\">\n\t\t\t\t\t<div class=\"elementor-column elementor-col-50 elementor-top-column elementor-element elementor-element-927fcc0\" data-id=\"927fcc0\" data-element_type=\"column\" data-e-type=\"column\" data-settings=\"{&quot;background_background&quot;:&quot;classic&quot;}\">\n\t\t\t<div class=\"elementor-widget-wrap elementor-element-populated\">\n\t\t\t\t\t<div class=\"elementor-background-overlay\"><\/div>\n\t\t\t\t\t\t<div class=\"elementor-element elementor-element-3ee15ba0 elementor-widget elementor-widget-heading\" data-id=\"3ee15ba0\" data-element_type=\"widget\" data-e-type=\"widget\" data-widget_type=\"heading.default\">\n\t\t\t\t<div class=\"elementor-widget-container\">\n\t\t\t\t\t<h1 class=\"elementor-heading-title elementor-size-default\">Ma\u00dfgeschneiderte Beratung, fachgerecht &amp; schnell<\/h1>\t\t\t\t<\/div>\n\t\t\t\t<\/div>\n\t\t\t\t\t<\/div>\n\t\t<\/div>\n\t\t\t\t<div class=\"elementor-column elementor-col-50 elementor-top-column elementor-element elementor-element-43efcc85\" data-id=\"43efcc85\" data-element_type=\"column\" data-e-type=\"column\">\n\t\t\t<div class=\"elementor-widget-wrap elementor-element-populated\">\n\t\t\t\t\t\t<div class=\"elementor-element elementor-element-26f8c398 elementor-widget elementor-widget-text-editor\" data-id=\"26f8c398\" data-element_type=\"widget\" data-e-type=\"widget\" data-widget_type=\"text-editor.default\">\n\t\t\t\t<div class=\"elementor-widget-container\">\n\t\t\t\t\t\t\t\t\t<p><span lang=\"DE\">Willkommen auf der Webseite von United Baltic Sails \u2013 Medemblik<\/span><\/p>\t\t\t\t\t\t\t\t<\/div>\n\t\t\t\t<\/div>\n\t\t\t\t<div class=\"elementor-element elementor-element-12b4cdf3 elementor-widget elementor-widget-text-editor\" data-id=\"12b4cdf3\" data-element_type=\"widget\" data-e-type=\"widget\" data-widget_type=\"text-editor.default\">\n\t\t\t\t<div class=\"elementor-widget-container\">\n\t\t\t\t\t\t\t\t\t<p>Patrick van de Walle, Eigent\u00fcmer:<\/p>\t\t\t\t\t\t\t\t<\/div>\n\t\t\t\t<\/div>\n\t\t\t\t<div class=\"elementor-element elementor-element-edf63bd elementor-widget elementor-widget-image\" data-id=\"edf63bd\" data-element_type=\"widget\" data-e-type=\"widget\" data-widget_type=\"image.default\">\n\t\t\t\t<div class=\"elementor-widget-container\">\n\t\t\t\t\t\t\t\t\t\t\t\t\t\t\t<img fetchpriority=\"high\" decoding=\"async\" width=\"1024\" height=\"682\" src=\"https:\/\/www.ubsails.nl\/wp-content\/uploads\/2021\/12\/ubssails_patrick-vandewalle-1024x682.jpg\" class=\"attachment-large size-large wp-image-1814\" alt=\"\" srcset=\"https:\/\/www.ubsails.nl\/wp-content\/uploads\/2021\/12\/ubssails_patrick-vandewalle-1024x682.jpg 1024w, https:\/\/www.ubsails.nl\/wp-content\/uploads\/2021\/12\/ubssails_patrick-vandewalle-300x200.jpg 300w, https:\/\/www.ubsails.nl\/wp-content\/uploads\/2021\/12\/ubssails_patrick-vandewalle-768x512.jpg 768w, https:\/\/www.ubsails.nl\/wp-content\/uploads\/2021\/12\/ubssails_patrick-vandewalle-1536x1024.jpg 1536w, https:\/\/www.ubsails.nl\/wp-content\/uploads\/2021\/12\/ubssails_patrick-vandewalle-830x553.jpg 830w, https:\/\/www.ubsails.nl\/wp-content\/uploads\/2021\/12\/ubssails_patrick-vandewalle-230x153.jpg 230w, https:\/\/www.ubsails.nl\/wp-content\/uploads\/2021\/12\/ubssails_patrick-vandewalle-350x233.jpg 350w, https:\/\/www.ubsails.nl\/wp-content\/uploads\/2021\/12\/ubssails_patrick-vandewalle-480x320.jpg 480w, https:\/\/www.ubsails.nl\/wp-content\/uploads\/2021\/12\/ubssails_patrick-vandewalle.jpg 1772w\" sizes=\"(max-width: 1024px) 100vw, 1024px\" \/>\t\t\t\t\t\t\t\t\t\t\t\t\t\t\t<\/div>\n\t\t\t\t<\/div>\n\t\t\t\t<div class=\"elementor-element elementor-element-aaf1633 elementor-widget elementor-widget-text-editor\" data-id=\"aaf1633\" data-element_type=\"widget\" data-e-type=\"widget\" data-widget_type=\"text-editor.default\">\n\t\t\t\t<div class=\"elementor-widget-container\">\n\t\t\t\t\t\t\t\t\t<div class=\"elementor-element elementor-element-aaf1633 elementor-widget elementor-widget-text-editor\" data-id=\"aaf1633\" data-element_type=\"widget\" data-widget_type=\"text-editor.default\"><div class=\"elementor-widget-container\"><div class=\"elementor-text-editor elementor-clearfix\"><p>United Baltic Sails wurde vor rund 30 Jahren zur Herstellung von Segeln gegr\u00fcndet und ist daf\u00fcr ein Joint Venture mit BRYT Sails aus Danzig eingegangen.<\/p><p>Zusammen sind wir schnell gewachsen und haben uns bei Eignern von modernen und klassischen Segelschiffen, wie auch bei den Traditionsseglern einen guten Ruf im In- und Ausland aufgebaut.<\/p><p>Unter unserem gemeinsamen Label \u201cUnited Baltic Bryt Sails\u201c bedienen wir also einen variationsreichen Kundenstamm, wobei pers\u00f6nlicher Kontakt und Service stets im Vordergrund stehen.<\/p><\/div><\/div><\/div>\t\t\t\t\t\t\t\t<\/div>\n\t\t\t\t<\/div>\n\t\t\t\t\t<\/div>\n\t\t<\/div>\n\t\t\t\t\t<\/div>\n\t\t<\/section>\n\t\t\t\t<section class=\"elementor-section elementor-top-section elementor-element elementor-element-8b11eb0 elementor-section-content-middle elementor-section-boxed elementor-section-height-default elementor-section-height-default\" data-id=\"8b11eb0\" data-element_type=\"section\" data-e-type=\"section\">\n\t\t\t\t\t\t<div class=\"elementor-container elementor-column-gap-no\">\n\t\t\t\t\t<div class=\"elementor-column elementor-col-100 elementor-top-column elementor-element elementor-element-247161a\" data-id=\"247161a\" data-element_type=\"column\" data-e-type=\"column\">\n\t\t\t<div class=\"elementor-widget-wrap elementor-element-populated\">\n\t\t\t\t\t\t<div class=\"elementor-element elementor-element-16039c5 elementor-widget elementor-widget-heading\" data-id=\"16039c5\" data-element_type=\"widget\" data-e-type=\"widget\" data-widget_type=\"heading.default\">\n\t\t\t\t<div class=\"elementor-widget-container\">\n\t\t\t\t\t<h1 class=\"elementor-heading-title elementor-size-medium\">Der Weg vom Suchen bis zum Segeln:<\/h1>\t\t\t\t<\/div>\n\t\t\t\t<\/div>\n\t\t\t\t<section class=\"elementor-section elementor-inner-section elementor-element elementor-element-dbb953f elementor-section-boxed elementor-section-height-default elementor-section-height-default\" data-id=\"dbb953f\" data-element_type=\"section\" data-e-type=\"section\">\n\t\t\t\t\t\t<div class=\"elementor-container elementor-column-gap-wider\">\n\t\t\t\t\t<div class=\"elementor-column elementor-col-33 elementor-inner-column elementor-element elementor-element-5d38350\" data-id=\"5d38350\" data-element_type=\"column\" data-e-type=\"column\" data-settings=\"{&quot;background_background&quot;:&quot;classic&quot;}\">\n\t\t\t<div class=\"elementor-widget-wrap elementor-element-populated\">\n\t\t\t\t\t<div class=\"elementor-background-overlay\"><\/div>\n\t\t\t\t\t\t<div class=\"elementor-element elementor-element-7befb8d elementor-widget elementor-widget-heading\" data-id=\"7befb8d\" data-element_type=\"widget\" data-e-type=\"widget\" data-widget_type=\"heading.default\">\n\t\t\t\t<div class=\"elementor-widget-container\">\n\t\t\t\t\t<h2 class=\"elementor-heading-title elementor-size-default\">1<\/h2>\t\t\t\t<\/div>\n\t\t\t\t<\/div>\n\t\t\t\t<div class=\"elementor-element elementor-element-9fed58d elementor-widget elementor-widget-text-editor\" data-id=\"9fed58d\" data-element_type=\"widget\" data-e-type=\"widget\" data-widget_type=\"text-editor.default\">\n\t\t\t\t<div class=\"elementor-widget-container\">\n\t\t\t\t\t\t\t\t\t<p>Bei Angebotsanfrage ist immer gut, so viel Informationen wie m\u00f6glich \u00fcber Ihr Schiff, das Fahrgebiet und Ihre Vorstellungen bereit zu halten. Wenn m\u00f6glich auch die gew\u00fcnschte Segelfl\u00e4che.<\/p>\t\t\t\t\t\t\t\t<\/div>\n\t\t\t\t<\/div>\n\t\t\t\t\t<\/div>\n\t\t<\/div>\n\t\t\t\t<div class=\"elementor-column elementor-col-33 elementor-inner-column elementor-element elementor-element-7933da0\" data-id=\"7933da0\" data-element_type=\"column\" data-e-type=\"column\" data-settings=\"{&quot;background_background&quot;:&quot;classic&quot;}\">\n\t\t\t<div class=\"elementor-widget-wrap elementor-element-populated\">\n\t\t\t\t\t<div class=\"elementor-background-overlay\"><\/div>\n\t\t\t\t\t\t<div class=\"elementor-element elementor-element-7bc308d elementor-widget elementor-widget-heading\" data-id=\"7bc308d\" data-element_type=\"widget\" data-e-type=\"widget\" data-widget_type=\"heading.default\">\n\t\t\t\t<div class=\"elementor-widget-container\">\n\t\t\t\t\t<h2 class=\"elementor-heading-title elementor-size-default\">2<\/h2>\t\t\t\t<\/div>\n\t\t\t\t<\/div>\n\t\t\t\t<div class=\"elementor-element elementor-element-05a6bc5 elementor-widget elementor-widget-text-editor\" data-id=\"05a6bc5\" data-element_type=\"widget\" data-e-type=\"widget\" data-widget_type=\"text-editor.default\">\n\t\t\t\t<div class=\"elementor-widget-container\">\n\t\t\t\t\t\t\t\t\t<p>Auf dieser Basis senden wir Ihnen dann ein Angebot zu.<\/p>\t\t\t\t\t\t\t\t<\/div>\n\t\t\t\t<\/div>\n\t\t\t\t\t<\/div>\n\t\t<\/div>\n\t\t\t\t<div class=\"elementor-column elementor-col-33 elementor-inner-column elementor-element elementor-element-0c3cb90\" data-id=\"0c3cb90\" data-element_type=\"column\" data-e-type=\"column\" data-settings=\"{&quot;background_background&quot;:&quot;classic&quot;}\">\n\t\t\t<div class=\"elementor-widget-wrap elementor-element-populated\">\n\t\t\t\t\t<div class=\"elementor-background-overlay\"><\/div>\n\t\t\t\t\t\t<div class=\"elementor-element elementor-element-bde1813 elementor-widget elementor-widget-heading\" data-id=\"bde1813\" data-element_type=\"widget\" data-e-type=\"widget\" data-widget_type=\"heading.default\">\n\t\t\t\t<div class=\"elementor-widget-container\">\n\t\t\t\t\t<h2 class=\"elementor-heading-title elementor-size-default\">3<\/h2>\t\t\t\t<\/div>\n\t\t\t\t<\/div>\n\t\t\t\t<div class=\"elementor-element elementor-element-3120b06 elementor-widget elementor-widget-text-editor\" data-id=\"3120b06\" data-element_type=\"widget\" data-e-type=\"widget\" data-widget_type=\"text-editor.default\">\n\t\t\t\t<div class=\"elementor-widget-container\">\n\t\t\t\t\t\t\t\t\t<p>Nach Akzeptanz des Angebots, vereinbaren wir ein Treffen zum Ausmessen der Segel bei Ihnen an Bord, oder Sie bringen uns Ihr altes Segel in die Werkstatt.<\/p>\t\t\t\t\t\t\t\t<\/div>\n\t\t\t\t<\/div>\n\t\t\t\t\t<\/div>\n\t\t<\/div>\n\t\t\t\t\t<\/div>\n\t\t<\/section>\n\t\t\t\t<section class=\"elementor-section elementor-inner-section elementor-element elementor-element-f3df1f1 elementor-section-boxed elementor-section-height-default elementor-section-height-default\" data-id=\"f3df1f1\" data-element_type=\"section\" data-e-type=\"section\">\n\t\t\t\t\t\t<div class=\"elementor-container elementor-column-gap-wider\">\n\t\t\t\t\t<div class=\"elementor-column elementor-col-33 elementor-inner-column elementor-element elementor-element-9076f23\" data-id=\"9076f23\" data-element_type=\"column\" data-e-type=\"column\" data-settings=\"{&quot;background_background&quot;:&quot;classic&quot;}\">\n\t\t\t<div class=\"elementor-widget-wrap elementor-element-populated\">\n\t\t\t\t\t<div class=\"elementor-background-overlay\"><\/div>\n\t\t\t\t\t\t<div class=\"elementor-element elementor-element-0b2ba17 elementor-widget elementor-widget-heading\" data-id=\"0b2ba17\" data-element_type=\"widget\" data-e-type=\"widget\" data-widget_type=\"heading.default\">\n\t\t\t\t<div class=\"elementor-widget-container\">\n\t\t\t\t\t<h2 class=\"elementor-heading-title elementor-size-default\">4<\/h2>\t\t\t\t<\/div>\n\t\t\t\t<\/div>\n\t\t\t\t<div class=\"elementor-element elementor-element-9718f08 elementor-widget elementor-widget-text-editor\" data-id=\"9718f08\" data-element_type=\"widget\" data-e-type=\"widget\" data-widget_type=\"text-editor.default\">\n\t\t\t\t<div class=\"elementor-widget-container\">\n\t\t\t\t\t\t\t\t\t<p>Anhand dieser Zahlen bereiten wir die Entw\u00fcrfe vor und damit ist die Oberfl\u00e4che bekannt.<\/p>\t\t\t\t\t\t\t\t<\/div>\n\t\t\t\t<\/div>\n\t\t\t\t\t<\/div>\n\t\t<\/div>\n\t\t\t\t<div class=\"elementor-column elementor-col-33 elementor-inner-column elementor-element elementor-element-46c8f6f\" data-id=\"46c8f6f\" data-element_type=\"column\" data-e-type=\"column\" data-settings=\"{&quot;background_background&quot;:&quot;classic&quot;}\">\n\t\t\t<div class=\"elementor-widget-wrap elementor-element-populated\">\n\t\t\t\t\t<div class=\"elementor-background-overlay\"><\/div>\n\t\t\t\t\t\t<div class=\"elementor-element elementor-element-f3cb630 elementor-widget elementor-widget-heading\" data-id=\"f3cb630\" data-element_type=\"widget\" data-e-type=\"widget\" data-widget_type=\"heading.default\">\n\t\t\t\t<div class=\"elementor-widget-container\">\n\t\t\t\t\t<h2 class=\"elementor-heading-title elementor-size-default\">5<\/h2>\t\t\t\t<\/div>\n\t\t\t\t<\/div>\n\t\t\t\t<div class=\"elementor-element elementor-element-26134ce elementor-widget elementor-widget-text-editor\" data-id=\"26134ce\" data-element_type=\"widget\" data-e-type=\"widget\" data-widget_type=\"text-editor.default\">\n\t\t\t\t<div class=\"elementor-widget-container\">\n\t\t\t\t\t\t\t\t\t<p>Vor der Produktion geben wir Ihnen dann den Festprreis der Leistung und stimmen wir die Fertigungs-details noch mal ab.<\/p>\t\t\t\t\t\t\t\t<\/div>\n\t\t\t\t<\/div>\n\t\t\t\t\t<\/div>\n\t\t<\/div>\n\t\t\t\t<div class=\"elementor-column elementor-col-33 elementor-inner-column elementor-element elementor-element-b06944d\" data-id=\"b06944d\" data-element_type=\"column\" data-e-type=\"column\" data-settings=\"{&quot;background_background&quot;:&quot;classic&quot;}\">\n\t\t\t<div class=\"elementor-widget-wrap elementor-element-populated\">\n\t\t\t\t\t<div class=\"elementor-background-overlay\"><\/div>\n\t\t\t\t\t\t<div class=\"elementor-element elementor-element-13009ae elementor-widget elementor-widget-heading\" data-id=\"13009ae\" data-element_type=\"widget\" data-e-type=\"widget\" data-widget_type=\"heading.default\">\n\t\t\t\t<div class=\"elementor-widget-container\">\n\t\t\t\t\t<h2 class=\"elementor-heading-title elementor-size-default\">6<\/h2>\t\t\t\t<\/div>\n\t\t\t\t<\/div>\n\t\t\t\t<div class=\"elementor-element elementor-element-d4dc109 elementor-widget elementor-widget-text-editor\" data-id=\"d4dc109\" data-element_type=\"widget\" data-e-type=\"widget\" data-widget_type=\"text-editor.default\">\n\t\t\t\t<div class=\"elementor-widget-container\">\n\t\t\t\t\t\t\t\t\t<p>Gleichzeitig bekommen Sie die Rechnung \u00fcber eine Anzahlung von 40%. <\/p>\t\t\t\t\t\t\t\t<\/div>\n\t\t\t\t<\/div>\n\t\t\t\t\t<\/div>\n\t\t<\/div>\n\t\t\t\t\t<\/div>\n\t\t<\/section>\n\t\t\t\t<section class=\"elementor-section elementor-inner-section elementor-element elementor-element-26cb2fd elementor-section-boxed elementor-section-height-default elementor-section-height-default\" data-id=\"26cb2fd\" data-element_type=\"section\" data-e-type=\"section\">\n\t\t\t\t\t\t<div class=\"elementor-container elementor-column-gap-wider\">\n\t\t\t\t\t<div class=\"elementor-column elementor-col-33 elementor-inner-column elementor-element elementor-element-65ecb07\" data-id=\"65ecb07\" data-element_type=\"column\" data-e-type=\"column\" data-settings=\"{&quot;background_background&quot;:&quot;classic&quot;}\">\n\t\t\t<div class=\"elementor-widget-wrap elementor-element-populated\">\n\t\t\t\t\t<div class=\"elementor-background-overlay\"><\/div>\n\t\t\t\t\t\t<div class=\"elementor-element elementor-element-344fa34 elementor-widget elementor-widget-heading\" data-id=\"344fa34\" data-element_type=\"widget\" data-e-type=\"widget\" data-widget_type=\"heading.default\">\n\t\t\t\t<div class=\"elementor-widget-container\">\n\t\t\t\t\t<h2 class=\"elementor-heading-title elementor-size-default\">7<\/h2>\t\t\t\t<\/div>\n\t\t\t\t<\/div>\n\t\t\t\t<div class=\"elementor-element elementor-element-0b4a56f elementor-widget elementor-widget-text-editor\" data-id=\"0b4a56f\" data-element_type=\"widget\" data-e-type=\"widget\" data-widget_type=\"text-editor.default\">\n\t\t\t\t<div class=\"elementor-widget-container\">\n\t\t\t\t\t\t\t\t\t<p>Sobald die Segel fertig sind, bekommen Sie von uns Bescheid. Gleichzeitig \u00fcberstellen wir Ihnen die Abschlussrechnung.<\/p>\t\t\t\t\t\t\t\t<\/div>\n\t\t\t\t<\/div>\n\t\t\t\t\t<\/div>\n\t\t<\/div>\n\t\t\t\t<div class=\"elementor-column elementor-col-33 elementor-inner-column elementor-element elementor-element-20cf3fc\" data-id=\"20cf3fc\" data-element_type=\"column\" data-e-type=\"column\" data-settings=\"{&quot;background_background&quot;:&quot;classic&quot;}\">\n\t\t\t<div class=\"elementor-widget-wrap elementor-element-populated\">\n\t\t\t\t\t<div class=\"elementor-background-overlay\"><\/div>\n\t\t\t\t\t\t<div class=\"elementor-element elementor-element-9f1b8dc elementor-widget elementor-widget-heading\" data-id=\"9f1b8dc\" data-element_type=\"widget\" data-e-type=\"widget\" data-widget_type=\"heading.default\">\n\t\t\t\t<div class=\"elementor-widget-container\">\n\t\t\t\t\t<h2 class=\"elementor-heading-title elementor-size-default\">8<\/h2>\t\t\t\t<\/div>\n\t\t\t\t<\/div>\n\t\t\t\t<div class=\"elementor-element elementor-element-5c285b2 elementor-widget elementor-widget-text-editor\" data-id=\"5c285b2\" data-element_type=\"widget\" data-e-type=\"widget\" data-widget_type=\"text-editor.default\">\n\t\t\t\t<div class=\"elementor-widget-container\">\n\t\t\t\t\t\t\t\t\t<p>Je nach Absprache k\u00f6nnen Sie die Segel bei uns in Medemblik abholen oder wir schicken die Ihnen zu.<\/p>\t\t\t\t\t\t\t\t<\/div>\n\t\t\t\t<\/div>\n\t\t\t\t\t<\/div>\n\t\t<\/div>\n\t\t\t\t<div class=\"elementor-column elementor-col-33 elementor-inner-column elementor-element elementor-element-a0e53d7\" data-id=\"a0e53d7\" data-element_type=\"column\" data-e-type=\"column\" data-settings=\"{&quot;background_background&quot;:&quot;classic&quot;}\">\n\t\t\t<div class=\"elementor-widget-wrap elementor-element-populated\">\n\t\t\t\t\t<div class=\"elementor-background-overlay\"><\/div>\n\t\t\t\t\t\t<div class=\"elementor-element elementor-element-ee5a73c elementor-widget elementor-widget-heading\" data-id=\"ee5a73c\" data-element_type=\"widget\" data-e-type=\"widget\" data-widget_type=\"heading.default\">\n\t\t\t\t<div class=\"elementor-widget-container\">\n\t\t\t\t\t<h2 class=\"elementor-heading-title elementor-size-default\">9<\/h2>\t\t\t\t<\/div>\n\t\t\t\t<\/div>\n\t\t\t\t<div class=\"elementor-element elementor-element-73d3204 elementor-widget elementor-widget-text-editor\" data-id=\"73d3204\" data-element_type=\"widget\" data-e-type=\"widget\" data-widget_type=\"text-editor.default\">\n\t\t\t\t<div class=\"elementor-widget-container\">\n\t\t\t\t\t\t\t\t\t<p>Jetzt nur noch Segel anschlagen\u2026 und Leinen los!<\/p>\t\t\t\t\t\t\t\t<\/div>\n\t\t\t\t<\/div>\n\t\t\t\t\t<\/div>\n\t\t<\/div>\n\t\t\t\t\t<\/div>\n\t\t<\/section>\n\t\t\t\t\t<\/div>\n\t\t<\/div>\n\t\t\t\t\t<\/div>\n\t\t<\/section>\n\t\t\t\t<section class=\"elementor-section elementor-top-section elementor-element elementor-element-1a28a4c elementor-section-boxed elementor-section-height-default elementor-section-height-default\" data-id=\"1a28a4c\" data-element_type=\"section\" data-e-type=\"section\">\n\t\t\t\t\t\t<div class=\"elementor-container elementor-column-gap-default\">\n\t\t\t\t\t<div class=\"elementor-column elementor-col-100 elementor-top-column elementor-element elementor-element-eb69d7b\" data-id=\"eb69d7b\" data-element_type=\"column\" data-e-type=\"column\">\n\t\t\t<div class=\"elementor-widget-wrap elementor-element-populated\">\n\t\t\t\t\t\t<div class=\"elementor-element elementor-element-6e47990 elementor-widget elementor-widget-text-editor\" data-id=\"6e47990\" data-element_type=\"widget\" data-e-type=\"widget\" data-widget_type=\"text-editor.default\">\n\t\t\t\t<div class=\"elementor-widget-container\">\n\t\t\t\t\t\t\t\t\t<p><strong>Garantie:<\/strong> Trotz der Tatsache, dass wir mit gr\u00f6\u00dfter Sorgfalt arbeiten, kann es passieren, dass ein Problem auftritt, welches oft erst im praktischen Gebrauch sichtbar wird.\u00a0 Sollte dies passieren, so stehen wir bereit, um jederzeit so schnell wie m\u00f6glich zu helfen. Bei normalem und korrektem Gebrauch geben wir zwei Saisons Garantie auf unsere Produkte und Materialien.<\/p>\t\t\t\t\t\t\t\t<\/div>\n\t\t\t\t<\/div>\n\t\t\t\t\t<\/div>\n\t\t<\/div>\n\t\t\t\t\t<\/div>\n\t\t<\/section>\n\t\t\t\t<section class=\"elementor-section elementor-top-section elementor-element elementor-element-9066667 elementor-section-boxed elementor-section-height-default elementor-section-height-default\" data-id=\"9066667\" data-element_type=\"section\" data-e-type=\"section\">\n\t\t\t\t\t\t<div class=\"elementor-container elementor-column-gap-default\">\n\t\t\t\t\t<div class=\"elementor-column elementor-col-100 elementor-top-column elementor-element elementor-element-fa0f06e\" data-id=\"fa0f06e\" data-element_type=\"column\" data-e-type=\"column\">\n\t\t\t<div class=\"elementor-widget-wrap elementor-element-populated\">\n\t\t\t\t\t\t<div class=\"elementor-element elementor-element-9d67cdb elementor-widget elementor-widget-text-editor\" data-id=\"9d67cdb\" data-element_type=\"widget\" data-e-type=\"widget\" data-widget_type=\"text-editor.default\">\n\t\t\t\t<div class=\"elementor-widget-container\">\n\t\t\t\t\t\t\t\t\t<p><strong>Werbung:<\/strong> United Baltic Sails ist ein Betrieb der kaum Werbung macht. Sie werden keine teure Werbung in Hochglanzmagazinen von uns entdecken. Die einzige Ausnahme bildet der \u201eSpiegel der Zeilvaart\u201c, ein Fachmagazin f\u00fcr Traditionsschiffe, wo auch wir unsere Wurzeln haben. Unsere Kunden finden Ihren Weg zunehmend \u00fcber das Internet zu uns, aber vor allem durch Mund-zu-Mund Propaganda. Letzteres ist die beste Reklame f\u00fcr uns. Wenn Sie uns Ihren Nachbarn oder Segelfreunden empfehlen, kann das nur positiv f\u00fcr uns sein. Wir stehen f\u00fcr unsere Arbeit. Ein No-Nonsens Betrieb mit individueller Aufmerksamkeit f\u00fcr jeden Kunden. Sie sind jederzeit herzlich Willkommen in Medemblik, um uns n\u00e4her kennenzulernen \u2013 gerne nach vorheriger Absprache.<\/p><p>Patrick van de Walle<\/p>\t\t\t\t\t\t\t\t<\/div>\n\t\t\t\t<\/div>\n\t\t\t\t\t<\/div>\n\t\t<\/div>\n\t\t\t\t\t<\/div>\n\t\t<\/section>\n\t\t\t\t<\/div>\n\t\t","protected":false},"excerpt":{"rendered":"<p>Ma\u00dfgeschneiderte Beratung, fachgerecht &#038; schnell Willkommen auf der Webseite von United Baltic Sails \u2013 Medemblik Patrick van de Walle, Eigent\u00fcmer: United Baltic [&hellip;]<\/p>\n","protected":false},"author":1,"featured_media":0,"parent":0,"menu_order":0,"comment_status":"closed","ping_status":"closed","template":"elementor_header_footer","meta":{"footnotes":""},"class_list":["post-1551","page","type-page","status-publish","hentry"],"_links":{"self":[{"href":"https:\/\/www.ubsails.nl\/de\/wp-json\/wp\/v2\/pages\/1551","targetHints":{"allow":["GET"]}}],"collection":[{"href":"https:\/\/www.ubsails.nl\/de\/wp-json\/wp\/v2\/pages"}],"about":[{"href":"https:\/\/www.ubsails.nl\/de\/wp-json\/wp\/v2\/types\/page"}],"author":[{"embeddable":true,"href":"https:\/\/www.ubsails.nl\/de\/wp-json\/wp\/v2\/users\/1"}],"replies":[{"embeddable":true,"href":"https:\/\/www.ubsails.nl\/de\/wp-json\/wp\/v2\/comments?post=1551"}],"version-history":[{"count":5,"href":"https:\/\/www.ubsails.nl\/de\/wp-json\/wp\/v2\/pages\/1551\/revisions"}],"predecessor-version":[{"id":1840,"href":"https:\/\/www.ubsails.nl\/de\/wp-json\/wp\/v2\/pages\/1551\/revisions\/1840"}],"wp:attachment":[{"href":"https:\/\/www.ubsails.nl\/de\/wp-json\/wp\/v2\/media?parent=1551"}],"curies":[{"name":"wp","href":"https:\/\/api.w.org\/{rel}","templated":true}]}}